{"id":7442,"date":"2024-06-03T13:57:55","date_gmt":"2024-06-03T18:57:55","guid":{"rendered":"https:\/\/devimco.com\/service-client-condos\/"},"modified":"2024-11-12T10:35:23","modified_gmt":"2024-11-12T15:35:23","slug":"customer-experience-condos","status":"publish","type":"page","link":"https:\/\/devimco.com\/en\/customer-experience-condos\/","title":{"rendered":"Customer experience \u2013 Condos &#038; penthouses"},"content":{"rendered":"<div class=\"wpb-content-wrapper\">[mk_page_section vertical_align=&#8221;bottom&#8221; bg_image=&#8221;https:\/\/devimco.com\/wp-content\/uploads\/2024\/11\/header-devimco-condos-v1.webp&#8221; bg_color=&#8221;#000000&#8243; bg_position=&#8221;right center&#8221; bg_repeat=&#8221;no-repeat&#8221; bg_stretch=&#8221;true&#8221; enable_3d=&#8221;true&#8221; speed_factor=&#8221;0.2&#8243; full_width=&#8221;true&#8221; full_height=&#8221;true&#8221; padding_top=&#8221;0&#8243; padding_bottom=&#8221;0&#8243; el_class=&#8221;row-header header-effect&#8221; sidebar=&#8221;sidebar-1&#8243;][vc_column][vc_row_inner is_fullwidth_content=&#8221;false&#8221; el_class=&#8221;row-content&#8221;][vc_column_inner][vc_column_text visibility=&#8221;hidden-sm&#8221; el_class=&#8221;arrow-vertical-p&#8221; css=&#8221;.vc_custom_1602256117221{margin-bottom: 0px !important;}&#8221;]<img decoding=\"async\" class=\"arrow-vertical aligncenter\" src=\"\/wp-content\/uploads\/2020\/09\/down_white.png\" alt=\"\" width=\"13\" \/>[\/vc_column_text][\/vc_column_inner][\/vc_row_inner][\/vc_column][\/mk_page_section][mk_page_section bg_color=&#8221;#f6f6f6&#8243; el_class=&#8221;row-content&#8221; sidebar=&#8221;sidebar-1&#8243;][vc_column][vc_column_text animation=&#8221;fade-in&#8221; css=&#8221;.vc_custom_1717441417529{margin-bottom: 0px !important;}&#8221;]\n<h1 class=\"h1-bigger\" style=\"text-align: center;\">Dedicated customer service for condominiums and penthouses<\/h1>\n<p style=\"text-align: center;\">In operation since 2013, Devimco Immobilier\u2019s Residential Service division aims to ensure a high level of quality at every stage of the property acquisition process. This department comprises nearly 30 professionals whose mission is to provide an exceptional buying experience.<\/p>\n<p style=\"text-align: center;\"><a class=\"decouvrez arrow-down\" href=\"#\"><strong>&#8211;<\/strong><\/a><\/p>\n[\/vc_column_text][\/vc_column][\/mk_page_section][mk_page_section el_class=&#8221;row-demibg-white white-right row-content overflow-visible&#8221; sidebar=&#8221;sidebar-1&#8243;][vc_column css=&#8221;.vc_custom_1607097697689{background-color: #ffffff !important;}&#8221;][vc_row_inner el_class=&#8221;overflow-visible row-flex row-flex-start row-mobile-block row-change-order&#8221;][vc_column_inner width=&#8221;5\/12&#8243;][vc_column_text animation=&#8221;fade-in&#8221; css=&#8221;.vc_custom_1717441432378{margin-bottom: 0px !important;}&#8221;]\n<h2 class=\"title-arrow\" style=\"text-align: left;\">Our team is there for you, every step of the way<\/h2>\n<p style=\"text-align: left;\">Once the promise to purchase has been signed, the Residential Customer Service division aims to ensure the client\u2019s satisfaction. This department comprises three teams:<\/p>\n[\/vc_column_text][\/vc_column_inner][vc_column_inner width=&#8221;7\/12&#8243;][vc_single_image image=&#8221;7392&#8243; img_size=&#8221;full&#8221; css=&#8221;&#8221; el_class=&#8221;img-page-condos&#8221;][\/vc_column_inner][\/vc_row_inner][mk_padding_divider visibility=&#8221;visible-sm&#8221;][vc_row_inner el_class=&#8221;row-flex row-services&#8221;][vc_column_inner width=&#8221;1\/3&#8243;][vc_column_text css=&#8221;.vc_custom_1717439978837{margin-bottom: 0px !important;}&#8221;]<img decoding=\"async\" class=\"aligncenter size-full wp-image-7412\" src=\"https:\/\/devimco.com\/wp-content\/uploads\/2024\/06\/ico-condos-01.png\" alt=\"\" width=\"171\" srcset=\"https:\/\/devimco.com\/wp-content\/uploads\/2024\/06\/ico-condos-01.png 342w, https:\/\/devimco.com\/wp-content\/uploads\/2024\/06\/ico-condos-01-287x300.png 287w\" sizes=\"(max-width: 342px) 100vw, 342px\" \/>[\/vc_column_text][\/vc_column_inner][vc_column_inner width=&#8221;2\/3&#8243;][vc_column_text animation=&#8221;fade-in&#8221; css=&#8221;.vc_custom_1717441446191{margin-bottom: 0px !important;}&#8221;]\n<h3 class=\"title-arrow\" style=\"text-align: left;\">Customer service<\/h3>\n<p style=\"text-align: left;\">Our Customer Service department supports buyers and maintains fluid communication with them. This team is on hand following the signature of the sales contract and remains available to answer any questions relating to the acquisition process (financing, deposits, visits to the notary, accounting, legal aspects, construction follow-up, etc.). This division coordinates all stages of the purchase to ensure that the project delivered meets both the buyer\u2019s expectations and Devimco Immobilier\u2019s high quality standards.<\/p>\n[\/vc_column_text][\/vc_column_inner][\/vc_row_inner][mk_padding_divider size=&#8221;80&#8243;][vc_row_inner el_class=&#8221;row-flex row-services&#8221;][vc_column_inner width=&#8221;1\/3&#8243;][vc_column_text css=&#8221;.vc_custom_1717440011684{margin-bottom: 0px !important;}&#8221;]<img decoding=\"async\" class=\"aligncenter size-full wp-image-7414\" src=\"https:\/\/devimco.com\/wp-content\/uploads\/2024\/06\/ico-condos-02.png\" alt=\"\" width=\"234\" srcset=\"https:\/\/devimco.com\/wp-content\/uploads\/2024\/06\/ico-condos-02.png 468w, https:\/\/devimco.com\/wp-content\/uploads\/2024\/06\/ico-condos-02-300x172.png 300w\" sizes=\"(max-width: 468px) 100vw, 468px\" \/>[\/vc_column_text][\/vc_column_inner][vc_column_inner width=&#8221;2\/3&#8243;][vc_column_text animation=&#8221;fade-in&#8221; css=&#8221;.vc_custom_1718738992831{margin-bottom: 0px !important;}&#8221;]\n<h3 class=\"title-arrow\" style=\"text-align: left;\">Delivery service<\/h3>\n<p style=\"text-align: left;\">The Delivery department works in close collaboration with Customer Service and the condominium syndicate. This team is present on construction sites in the months leading up to delivery, and its role is to certify that the quality standards are met both in the units and in the common areas. In addition, the Delivery department oversees the customization of condos and coordinates any necessary adjustments and conducts pre-acceptance visits with the buyer before the notary\u2019s visit.<\/p>\n<p style=\"text-align: left;\">The team also gives each buyer a welcome gift\u2014this unique Devimco Immobilier initiative shows the team\u2019s dedication to offering an unparalleled buying experience.<\/p>\n[\/vc_column_text][\/vc_column_inner][\/vc_row_inner][mk_padding_divider size=&#8221;80&#8243;][vc_row_inner el_class=&#8221;row-flex row-services&#8221;][vc_column_inner width=&#8221;1\/3&#8243;][vc_column_text css=&#8221;.vc_custom_1717440036898{margin-bottom: 0px !important;}&#8221;]<img decoding=\"async\" class=\"aligncenter size-full wp-image-7416\" src=\"https:\/\/devimco.com\/wp-content\/uploads\/2024\/06\/ico-condos-03.png\" alt=\"\" width=\"158\" srcset=\"https:\/\/devimco.com\/wp-content\/uploads\/2024\/06\/ico-condos-03.png 316w, https:\/\/devimco.com\/wp-content\/uploads\/2024\/06\/ico-condos-03-289x300.png 289w\" sizes=\"(max-width: 316px) 100vw, 316px\" \/>[\/vc_column_text][\/vc_column_inner][vc_column_inner width=&#8221;2\/3&#8243;][vc_column_text animation=&#8221;fade-in&#8221; css=&#8221;.vc_custom_1717441488619{margin-bottom: 0px !important;}&#8221;]\n<h3 class=\"title-arrow\" style=\"text-align: left;\">Condominium syndicate<\/h3>\n<p style=\"text-align: left;\">Customer Service also works with the syndicate. Long before delivery, this division is involved in the design and management of the building to create a flexible and safe living environment while respecting the legal structure of the initial syndicate. The division thus creates the condominium syndicate, ensures delivery of the entire project to the syndicate, acts on its behalf during the transition period, makes decisions to ensure sound management and the sustainability of the assets, hires a manager and assists them in setting up the co-ownership and supports its administrators after the transfer in all matters relating to the syndicate\u2019s assets.<\/p>\n[\/vc_column_text][\/vc_column_inner][\/vc_row_inner][mk_padding_divider size=&#8221;80&#8243;][\/vc_column][\/mk_page_section][vc_row fullwidth=&#8221;true&#8221; css=&#8221;.vc_custom_1717441179029{background-color: #f6f6f6 !important;}&#8221;][vc_column][mk_padding_divider size=&#8221;80&#8243;][\/vc_column][\/vc_row][mk_page_section bg_image=&#8221;https:\/\/devimco.com\/wp-content\/uploads\/2024\/06\/img-devimco-condos-02.jpg&#8221; bg_color=&#8221;#f6f6f6&#8243; bg_position=&#8221;center center&#8221; bg_repeat=&#8221;no-repeat&#8221; bg_stretch=&#8221;true&#8221; el_class=&#8221;row-content- img-service&#8221; sidebar=&#8221;sidebar-1&#8243;][vc_column][mk_padding_divider size=&#8221;500&#8243;][\/vc_column][\/mk_page_section][mk_page_section bg_color=&#8221;#f6f6f6&#8243; el_class=&#8221;row-content&#8221; sidebar=&#8221;sidebar-1&#8243;][vc_column css=&#8221;.vc_custom_1715267808745{background-color: #f6f6f6 !important;}&#8221;][vc_column_text css=&#8221;.vc_custom_1717681126928{margin-bottom: 0px !important;}&#8221;]\n<h2 style=\"text-align: center; font-size: 58px; text-transform: none; font-weight: 300;\">Customer service provided throughout the project warranty period<\/h2>\n[\/vc_column_text][vc_column_text animation=&#8221;fade-in&#8221; css=&#8221;.vc_custom_1717441509833{margin-bottom: 0px !important;}&#8221;]\n<p style=\"text-align: center;\">Buildings designed by Groupe Devimco are covered by a 5-year Association de la construction du Qu\u00e9bec (ACQ) warranty. In addition, each residential unit comes with a one-year builder\u2019s warranty. Customer Service is always available to respond to any requests related to these warranties. Groupe Devimco also distinguishes itself by the quality of its constructions and its responsiveness in case of client dissatisfaction. Our mission is to meet our clients\u2019 needs at all times.<\/p>\n[\/vc_column_text][mk_padding_divider size=&#8221;75&#8243; visibility=&#8221;hidden-sm&#8221;][mk_padding_divider visibility=&#8221;visible-sm&#8221;][vc_column_text css=&#8221;.vc_custom_1717437972380{margin-bottom: 0px !important;}&#8221;]<img loading=\"lazy\" decoding=\"async\" class=\"alignnone size-full wp-image-7396\" src=\"https:\/\/devimco.com\/wp-content\/uploads\/2024\/06\/img-devimco-condos-03.jpg\" alt=\"\" width=\"1588\" height=\"307\" srcset=\"https:\/\/devimco.com\/wp-content\/uploads\/2024\/06\/img-devimco-condos-03.jpg 1588w, https:\/\/devimco.com\/wp-content\/uploads\/2024\/06\/img-devimco-condos-03-300x58.jpg 300w, https:\/\/devimco.com\/wp-content\/uploads\/2024\/06\/img-devimco-condos-03-1024x198.jpg 1024w, https:\/\/devimco.com\/wp-content\/uploads\/2024\/06\/img-devimco-condos-03-768x148.jpg 768w, https:\/\/devimco.com\/wp-content\/uploads\/2024\/06\/img-devimco-condos-03-1536x297.jpg 1536w\" sizes=\"auto, (max-width: 1588px) 100vw, 1588px\" \/>[\/vc_column_text][mk_padding_divider][\/vc_column][\/mk_page_section][mk_page_section el_class=&#8221;row-demibg-white- white-right- row-content&#8221; sidebar=&#8221;sidebar-1&#8243;][vc_column css=&#8221;.vc_custom_1607097697689{background-color: #ffffff !important;}&#8221;][vc_column_text css=&#8221;.vc_custom_1717441520115{margin-bottom: 0px !important;}&#8221;]\n<h2 style=\"text-align: center;\">Contact the Residential Customer Service team<\/h2>\n[\/vc_column_text][mk_padding_divider visibility=&#8221;hidden-sm&#8221;][vc_column_text css=&#8221;.vc_custom_1724944250363{margin-bottom: 0px !important;}&#8221;]\n<div class=\"wrap-equipe\">\n<ul class=\"liste-equipe\" style=\"margin-bottom: 0;\">\n<li><img loading=\"lazy\" decoding=\"async\" class=\"alignnone size-full wp-image-7421\" src=\"https:\/\/devimco.com\/wp-content\/uploads\/2024\/06\/equipe-service-client-condos-01.jpg\" alt=\"\" width=\"170\" height=\"166\" \/><\/li>\n<li><img loading=\"lazy\" decoding=\"async\" class=\"alignnone size-full wp-image-7423\" src=\"https:\/\/devimco.com\/wp-content\/uploads\/2024\/06\/equipe-service-client-condos-02.jpg\" alt=\"\" width=\"170\" height=\"166\" \/><\/li>\n<li><img loading=\"lazy\" decoding=\"async\" class=\"alignnone size-full wp-image-7425\" src=\"https:\/\/devimco.com\/wp-content\/uploads\/2024\/06\/equipe-service-client-condos-03.jpg\" alt=\"\" width=\"170\" height=\"166\" \/><\/li>\n<li><img loading=\"lazy\" decoding=\"async\" class=\"alignnone size-full wp-image-7427\" src=\"https:\/\/devimco.com\/wp-content\/uploads\/2024\/06\/equipe-service-client-condos-04.jpg\" alt=\"\" width=\"170\" height=\"166\" \/><\/li>\n<li><img loading=\"lazy\" decoding=\"async\" class=\"alignnone size-full wp-image-7429\" src=\"https:\/\/devimco.com\/wp-content\/uploads\/2024\/06\/equipe-service-client-condos-05.jpg\" alt=\"\" width=\"170\" height=\"166\" \/><\/li>\n<li><img loading=\"lazy\" decoding=\"async\" class=\"alignnone size-full wp-image-7431\" src=\"https:\/\/devimco.com\/wp-content\/uploads\/2024\/06\/equipe-service-client-condos-06.jpg\" alt=\"\" width=\"170\" height=\"166\" \/><\/li>\n<li><img loading=\"lazy\" decoding=\"async\" class=\"alignnone size-full wp-image-7433\" src=\"https:\/\/devimco.com\/wp-content\/uploads\/2024\/06\/equipe-service-client-condos-07.jpg\" alt=\"\" width=\"170\" height=\"166\" \/><\/li>\n<li><img loading=\"lazy\" decoding=\"async\" class=\"alignnone size-full wp-image-7461\" src=\"https:\/\/devimco.com\/wp-content\/uploads\/2024\/06\/ophedy-couton.jpg\" alt=\"\" width=\"170\" height=\"166\" \/><\/li>\n<li><img loading=\"lazy\" decoding=\"async\" class=\"alignnone size-full wp-image-7463\" src=\"https:\/\/devimco.com\/wp-content\/uploads\/2024\/06\/yasmine-kone.jpg\" alt=\"\" width=\"170\" height=\"166\" \/><\/li>\n<\/ul>\n<ul class=\"liste-equipe\">\n<li><img loading=\"lazy\" decoding=\"async\" class=\"alignnone size-full wp-image-7472\" src=\"https:\/\/devimco.com\/wp-content\/uploads\/2024\/07\/equipe-service-client-condos-08.jpg\" alt=\"\" width=\"170\" height=\"166\" \/><\/li>\n<li><img loading=\"lazy\" decoding=\"async\" class=\"aligncenter size-full wp-image-7551\" src=\"https:\/\/devimco.com\/wp-content\/uploads\/2024\/08\/photo-genevieve-caron.jpg\" alt=\"\" width=\"170\" height=\"166\" \/><\/li>\n<\/ul>\n<\/div>\n[\/vc_column_text][mk_padding_divider size=&#8221;30&#8243;][vc_column_text disable_pattern=&#8221;false&#8221; align=&#8221;center&#8221; css=&#8221;.vc_custom_1717441548698{margin-bottom: 0px !important;}&#8221;]<a class=\"decouvrez arrow-left\" href=\"https:\/\/devimco.com\/en\/contact\/\"><strong style=\"width: 196px;\">\u2013<\/strong>Contact<\/a>[\/vc_column_text][mk_padding_divider size=&#8221;80&#8243; visibility=&#8221;hidden-sm&#8221;][\/vc_column][\/mk_page_section][vc_row fullwidth=&#8221;true&#8221; css=&#8221;.vc_custom_1715275166814{background-color: #ffffff !important;}&#8221;][vc_column][mk_padding_divider size=&#8221;20&#8243;][\/vc_column][\/vc_row]\n<\/div>","protected":false},"excerpt":{"rendered":"<p>[mk_page_section vertical_align=&#8221;bottom&#8221; bg_image=&#8221;https:\/\/devimco.com\/wp-content\/uploads\/2024\/11\/header-devimco-condos-v1.webp&#8221; bg_color=&#8221;#000000&#8243; bg_position=&#8221;right center&#8221; bg_repeat=&#8221;no-repeat&#8221; bg_stretch=&#8221;true&#8221; enable_3d=&#8221;true&#8221; speed_factor=&#8221;0.2&#8243; full_width=&#8221;true&#8221; full_height=&#8221;true&#8221; padding_top=&#8221;0&#8243; padding_bottom=&#8221;0&#8243; el_class=&#8221;row-header header-effect&#8221; sidebar=&#8221;sidebar-1&#8243;][vc_column][vc_row_inner is_fullwidth_content=&#8221;false&#8221; el_class=&#8221;row-content&#8221;][vc_column_inner][vc_column_text visibility=&#8221;hidden-sm&#8221; el_class=&#8221;arrow-vertical-p&#8221; css=&#8221;.vc_custom_1602256117221{margin-bottom: 0px !important;}&#8221;][\/vc_column_text][\/vc_column_inner][\/vc_row_inner][\/vc_column][\/mk_page_section][mk_page_section bg_color=&#8221;#f6f6f6&#8243; el_class=&#8221;row-content&#8221; sidebar=&#8221;sidebar-1&#8243;][vc_column][vc_column_text animation=&#8221;fade-in&#8221; css=&#8221;.vc_custom_1717441417529{margin-bottom: 0px !important;}&#8221;] Dedicated customer service for condominiums and penthouses In operation since 2013, Devimco Immobilier\u2019s Residential Service division aims to ensure a high level of quality [&hellip;]<\/p>\n","protected":false},"author":1,"featured_media":0,"parent":0,"menu_order":0,"comment_status":"closed","ping_status":"closed","template":"","meta":{"_acf_changed":false,"footnotes":""},"class_list":["post-7442","page","type-page","status-publish","hentry"],"acf":[],"yoast_head":"<!-- This site is optimized with the Yoast SEO plugin v26.9 - https:\/\/yoast.com\/product\/yoast-seo-wordpress\/ -->\n<title>Exp\u00e9rience client \u2013 Condos et penthouses | Groupe Devimco<\/title>\n<meta name=\"description\" content=\"La division du service r\u00e9sidentiel de Devimco Immobilier assure une qualit\u00e9 irr\u00e9prochable \u00e0 toutes les \u00e9tapes de l\u2019acquisition d\u2019un bien immobilier.\" \/>\n<meta name=\"robots\" content=\"index, follow, max-snippet:-1, max-image-preview:large, max-video-preview:-1\" \/>\n<link rel=\"canonical\" href=\"https:\/\/devimco.com\/en\/customer-experience-condos\/\" \/>\n<meta property=\"og:locale\" content=\"en_US\" \/>\n<meta property=\"og:type\" content=\"article\" \/>\n<meta property=\"og:title\" content=\"Exp\u00e9rience client \u2013 Condos et penthouses | Groupe Devimco\" \/>\n<meta property=\"og:description\" content=\"La division du service r\u00e9sidentiel de Devimco Immobilier assure une qualit\u00e9 irr\u00e9prochable \u00e0 toutes les \u00e9tapes de l\u2019acquisition d\u2019un bien immobilier.\" \/>\n<meta property=\"og:url\" content=\"https:\/\/devimco.com\/en\/customer-experience-condos\/\" \/>\n<meta property=\"og:site_name\" content=\"Devimco Immobilier\" \/>\n<meta property=\"article:modified_time\" content=\"2024-11-12T15:35:23+00:00\" \/>\n<meta property=\"og:image\" content=\"https:\/\/devimco.com\/wp-content\/uploads\/2024\/06\/ico-condos-01.png\" \/>\n<meta name=\"twitter:card\" content=\"summary_large_image\" \/>\n<meta name=\"twitter:label1\" content=\"Est. reading time\" \/>\n\t<meta name=\"twitter:data1\" content=\"7 minutes\" \/>\n<script type=\"application\/ld+json\" class=\"yoast-schema-graph\">{\"@context\":\"https:\/\/schema.org\",\"@graph\":[{\"@type\":\"WebPage\",\"@id\":\"https:\/\/devimco.com\/en\/customer-experience-condos\/\",\"url\":\"https:\/\/devimco.com\/en\/customer-experience-condos\/\",\"name\":\"Exp\u00e9rience client \u2013 Condos et penthouses | Groupe Devimco\",\"isPartOf\":{\"@id\":\"https:\/\/devimco.com\/en\/#website\"},\"primaryImageOfPage\":{\"@id\":\"https:\/\/devimco.com\/en\/customer-experience-condos\/#primaryimage\"},\"image\":{\"@id\":\"https:\/\/devimco.com\/en\/customer-experience-condos\/#primaryimage\"},\"thumbnailUrl\":\"https:\/\/devimco.com\/wp-content\/uploads\/2024\/06\/ico-condos-01.png\",\"datePublished\":\"2024-06-03T18:57:55+00:00\",\"dateModified\":\"2024-11-12T15:35:23+00:00\",\"description\":\"La division du service r\u00e9sidentiel de Devimco Immobilier assure une qualit\u00e9 irr\u00e9prochable \u00e0 toutes les \u00e9tapes de l\u2019acquisition d\u2019un bien immobilier.\",\"breadcrumb\":{\"@id\":\"https:\/\/devimco.com\/en\/customer-experience-condos\/#breadcrumb\"},\"inLanguage\":\"en-US\",\"potentialAction\":[{\"@type\":\"ReadAction\",\"target\":[\"https:\/\/devimco.com\/en\/customer-experience-condos\/\"]}]},{\"@type\":\"ImageObject\",\"inLanguage\":\"en-US\",\"@id\":\"https:\/\/devimco.com\/en\/customer-experience-condos\/#primaryimage\",\"url\":\"https:\/\/devimco.com\/wp-content\/uploads\/2024\/06\/ico-condos-01.png\",\"contentUrl\":\"https:\/\/devimco.com\/wp-content\/uploads\/2024\/06\/ico-condos-01.png\"},{\"@type\":\"BreadcrumbList\",\"@id\":\"https:\/\/devimco.com\/en\/customer-experience-condos\/#breadcrumb\",\"itemListElement\":[{\"@type\":\"ListItem\",\"position\":1,\"name\":\"Accueil\",\"item\":\"https:\/\/devimco.com\/en\/sample-page\/\"},{\"@type\":\"ListItem\",\"position\":2,\"name\":\"Customer experience \u2013 Condos &#038; penthouses\"}]},{\"@type\":\"WebSite\",\"@id\":\"https:\/\/devimco.com\/en\/#website\",\"url\":\"https:\/\/devimco.com\/en\/\",\"name\":\"Devimco Immobilier\",\"description\":\"R\u00e9aliser la destination de demain\",\"potentialAction\":[{\"@type\":\"SearchAction\",\"target\":{\"@type\":\"EntryPoint\",\"urlTemplate\":\"https:\/\/devimco.com\/en\/?s={search_term_string}\"},\"query-input\":{\"@type\":\"PropertyValueSpecification\",\"valueRequired\":true,\"valueName\":\"search_term_string\"}}],\"inLanguage\":\"en-US\"}]}<\/script>\n<!-- \/ Yoast SEO plugin. -->","yoast_head_json":{"title":"Exp\u00e9rience client \u2013 Condos et penthouses | Groupe Devimco","description":"La division du service r\u00e9sidentiel de Devimco Immobilier assure une qualit\u00e9 irr\u00e9prochable \u00e0 toutes les \u00e9tapes de l\u2019acquisition d\u2019un bien immobilier.","robots":{"index":"index","follow":"follow","max-snippet":"max-snippet:-1","max-image-preview":"max-image-preview:large","max-video-preview":"max-video-preview:-1"},"canonical":"https:\/\/devimco.com\/en\/customer-experience-condos\/","og_locale":"en_US","og_type":"article","og_title":"Exp\u00e9rience client \u2013 Condos et penthouses | Groupe Devimco","og_description":"La division du service r\u00e9sidentiel de Devimco Immobilier assure une qualit\u00e9 irr\u00e9prochable \u00e0 toutes les \u00e9tapes de l\u2019acquisition d\u2019un bien immobilier.","og_url":"https:\/\/devimco.com\/en\/customer-experience-condos\/","og_site_name":"Devimco Immobilier","article_modified_time":"2024-11-12T15:35:23+00:00","og_image":[{"url":"https:\/\/devimco.com\/wp-content\/uploads\/2024\/06\/ico-condos-01.png","type":"","width":"","height":""}],"twitter_card":"summary_large_image","twitter_misc":{"Est. reading time":"7 minutes"},"schema":{"@context":"https:\/\/schema.org","@graph":[{"@type":"WebPage","@id":"https:\/\/devimco.com\/en\/customer-experience-condos\/","url":"https:\/\/devimco.com\/en\/customer-experience-condos\/","name":"Exp\u00e9rience client \u2013 Condos et penthouses | Groupe Devimco","isPartOf":{"@id":"https:\/\/devimco.com\/en\/#website"},"primaryImageOfPage":{"@id":"https:\/\/devimco.com\/en\/customer-experience-condos\/#primaryimage"},"image":{"@id":"https:\/\/devimco.com\/en\/customer-experience-condos\/#primaryimage"},"thumbnailUrl":"https:\/\/devimco.com\/wp-content\/uploads\/2024\/06\/ico-condos-01.png","datePublished":"2024-06-03T18:57:55+00:00","dateModified":"2024-11-12T15:35:23+00:00","description":"La division du service r\u00e9sidentiel de Devimco Immobilier assure une qualit\u00e9 irr\u00e9prochable \u00e0 toutes les \u00e9tapes de l\u2019acquisition d\u2019un bien immobilier.","breadcrumb":{"@id":"https:\/\/devimco.com\/en\/customer-experience-condos\/#breadcrumb"},"inLanguage":"en-US","potentialAction":[{"@type":"ReadAction","target":["https:\/\/devimco.com\/en\/customer-experience-condos\/"]}]},{"@type":"ImageObject","inLanguage":"en-US","@id":"https:\/\/devimco.com\/en\/customer-experience-condos\/#primaryimage","url":"https:\/\/devimco.com\/wp-content\/uploads\/2024\/06\/ico-condos-01.png","contentUrl":"https:\/\/devimco.com\/wp-content\/uploads\/2024\/06\/ico-condos-01.png"},{"@type":"BreadcrumbList","@id":"https:\/\/devimco.com\/en\/customer-experience-condos\/#breadcrumb","itemListElement":[{"@type":"ListItem","position":1,"name":"Accueil","item":"https:\/\/devimco.com\/en\/sample-page\/"},{"@type":"ListItem","position":2,"name":"Customer experience \u2013 Condos &#038; penthouses"}]},{"@type":"WebSite","@id":"https:\/\/devimco.com\/en\/#website","url":"https:\/\/devimco.com\/en\/","name":"Devimco Immobilier","description":"R\u00e9aliser la destination de demain","potentialAction":[{"@type":"SearchAction","target":{"@type":"EntryPoint","urlTemplate":"https:\/\/devimco.com\/en\/?s={search_term_string}"},"query-input":{"@type":"PropertyValueSpecification","valueRequired":true,"valueName":"search_term_string"}}],"inLanguage":"en-US"}]}},"_links":{"self":[{"href":"https:\/\/devimco.com\/en\/wp-json\/wp\/v2\/pages\/7442","targetHints":{"allow":["GET"]}}],"collection":[{"href":"https:\/\/devimco.com\/en\/wp-json\/wp\/v2\/pages"}],"about":[{"href":"https:\/\/devimco.com\/en\/wp-json\/wp\/v2\/types\/page"}],"author":[{"embeddable":true,"href":"https:\/\/devimco.com\/en\/wp-json\/wp\/v2\/users\/1"}],"replies":[{"embeddable":true,"href":"https:\/\/devimco.com\/en\/wp-json\/wp\/v2\/comments?post=7442"}],"version-history":[{"count":12,"href":"https:\/\/devimco.com\/en\/wp-json\/wp\/v2\/pages\/7442\/revisions"}],"predecessor-version":[{"id":7729,"href":"https:\/\/devimco.com\/en\/wp-json\/wp\/v2\/pages\/7442\/revisions\/7729"}],"wp:attachment":[{"href":"https:\/\/devimco.com\/en\/wp-json\/wp\/v2\/media?parent=7442"}],"curies":[{"name":"wp","href":"https:\/\/api.w.org\/{rel}","templated":true}]}}