{"id":7315,"date":"2024-05-16T11:03:03","date_gmt":"2024-05-16T16:03:03","guid":{"rendered":"https:\/\/devimco.com\/?page_id=7315"},"modified":"2024-11-04T16:16:41","modified_gmt":"2024-11-04T21:16:41","slug":"customer-experience-apartments","status":"publish","type":"page","link":"https:\/\/devimco.com\/en\/customer-experience-apartments\/","title":{"rendered":"Customer Experience \u2013 Apartments"},"content":{"rendered":"<div class=\"wpb-content-wrapper\">[mk_page_section vertical_align=&#8221;bottom&#8221; bg_image=&#8221;https:\/\/devimco.com\/wp-content\/uploads\/2024\/05\/header-service-client-appartements.jpg&#8221; bg_color=&#8221;#000000&#8243; bg_position=&#8221;right center&#8221; bg_repeat=&#8221;no-repeat&#8221; bg_stretch=&#8221;true&#8221; enable_3d=&#8221;true&#8221; speed_factor=&#8221;0.2&#8243; full_width=&#8221;true&#8221; full_height=&#8221;true&#8221; padding_top=&#8221;0&#8243; padding_bottom=&#8221;0&#8243; el_class=&#8221;row-header header-effect&#8221; sidebar=&#8221;sidebar-1&#8243;][vc_column][vc_row_inner is_fullwidth_content=&#8221;false&#8221; el_class=&#8221;row-content&#8221;][vc_column_inner][vc_column_text visibility=&#8221;hidden-sm&#8221; el_class=&#8221;arrow-vertical-p&#8221; css=&#8221;.vc_custom_1602256117221{margin-bottom: 0px !important;}&#8221;]<img decoding=\"async\" class=\"arrow-vertical aligncenter\" src=\"\/wp-content\/uploads\/2020\/09\/down_white.png\" alt=\"\" width=\"13\" \/>[\/vc_column_text][\/vc_column_inner][\/vc_row_inner][\/vc_column][\/mk_page_section][mk_page_section bg_color=&#8221;#f6f6f6&#8243; el_class=&#8221;row-content&#8221; sidebar=&#8221;sidebar-1&#8243;][vc_column][vc_column_text animation=&#8221;fade-in&#8221; css=&#8221;.vc_custom_1715875153055{margin-bottom: 0px !important;}&#8221;]\n<h1 class=\"h1-bigger\" style=\"text-align: center;\">Dedicated customer service for tenants of rental projects<\/h1>\n<p style=\"text-align: center;\">Devimco Immobilier\u2019s Customer Service division for rental apartments is comprised of some 100 professionals who are dedicated to delivering an unrivalled rental experience. This team is available even before the lease is signed and assists tenants daily.<\/p>\n<p style=\"text-align: center;\"><a class=\"decouvrez arrow-down\" href=\"#\"><strong>&#8211;<\/strong><\/a><\/p>\n[\/vc_column_text][\/vc_column][\/mk_page_section][mk_page_section layout_structure=&#8221;half_right&#8221; bg_image=&#8221;https:\/\/devimco.com\/wp-content\/uploads\/2024\/05\/img-service-client-appartements-01.jpg&#8221; bg_color=&#8221;#ffffff&#8221; bg_stretch=&#8221;true&#8221; el_class=&#8221;row-content img-effect grey-frame&#8221;][vc_column][vc_column_text animation=&#8221;fade-in&#8221; css=&#8221;.vc_custom_1715875174450{margin-bottom: 0px !important;}&#8221;]\n<h2 class=\"title-arrow\" style=\"text-align: right;\">We assist you before, during and after the move-in<\/h2>\n<p style=\"text-align: right;\">First, the rental agent takes you on a tour of the project, common areas and your unit, and answers any questions you may have. Once your lease is signed, the administrative team takes over, handing you your keys and coordinating your move-in to ensure a smooth experience.<\/p>\n[\/vc_column_text][mk_padding_divider visibility=&#8221;hidden-sm&#8221;][\/vc_column][\/mk_page_section][mk_page_section bg_image=&#8221;https:\/\/devimco.com\/wp-content\/uploads\/2024\/05\/img-facade-lumeo-appartements.jpg&#8221; bg_color=&#8221;#f6f6f6&#8243; bg_position=&#8221;center center&#8221; bg_repeat=&#8221;no-repeat&#8221; bg_stretch=&#8221;true&#8221; el_class=&#8221;row-content- img-service&#8221; sidebar=&#8221;sidebar-1&#8243;][vc_column][mk_padding_divider size=&#8221;675&#8243;][\/vc_column][\/mk_page_section][vc_row fullwidth=&#8221;true&#8221; css=&#8221;.vc_custom_1715874159977{background-color: #f6f6f6 !important;}&#8221;][vc_column][mk_padding_divider size=&#8221;75&#8243;][\/vc_column][\/vc_row][mk_page_section layout_structure=&#8221;half_left&#8221; bg_image=&#8221;https:\/\/devimco.com\/wp-content\/uploads\/2024\/05\/img-service-client-appartements-02.jpg&#8221; bg_color=&#8221;#f6f6f6&#8243; bg_stretch=&#8221;true&#8221; el_class=&#8221;row-content img-effect grey-frame-&#8220;][vc_column][vc_column_text animation=&#8221;fade-in&#8221; css=&#8221;.vc_custom_1715875653868{margin-bottom: 0px !important;}&#8221;]\n<h2 class=\"title-arrow\" style=\"text-align: left; font-size: 50px; font-weight: 300; text-transform: none;\">Where your comfort and safety come first<\/h2>\n<p style=\"text-align: left;\">At Devimco Immobilier, the well-being of our tenants is a priority. That\u2019s why the maintenance of common areas in every rental project is performed by professionals. Cleaning, snow removal, landscaping, yearly exterior window washing, and maintenance of elevators and living areas are all taken care of.<\/p>\n<p style=\"text-align: left;\">What\u2019s more, the rental team is available at all times at each of our rental projects.<\/p>\n<p style=\"text-align: left;\">Tenants can reach our administrative team Monday to Friday, 8 a.m. to 5 p.m., for any request they may have to ensure their comfort. Renowned for its availability and active presence, this team makes a point of maintaining fast, efficient communication at all times.<\/p>\n<p style=\"text-align: left;\">Finally, to ensure tenants\u2019 safety, each project has a proactive security service. All of our projects in Solar Uniquartier, on the South Shore, and throughout Montreal have access to a 24\/7 emergency hotline.<\/p>\n<p>&nbsp;<\/p>\n<p><a class=\"decouvrez arrow-right\" href=\"https:\/\/devimco.com\/en\/real-estate-projects-residential-rent\/\"><strong style=\"width: 196px;\">\u2013<\/strong>Discover our rental projects <\/a>[\/vc_column_text][mk_padding_divider visibility=&#8221;hidden-sm&#8221;][\/vc_column][\/mk_page_section][vc_row fullwidth=&#8221;true&#8221; css=&#8221;.vc_custom_1715874159977{background-color: #f6f6f6 !important;}&#8221;][vc_column][mk_padding_divider size=&#8221;75&#8243; visibility=&#8221;hidden-sm&#8221;][\/vc_column][\/vc_row][mk_page_section el_class=&#8221;row-demibg-white- white-right- row-content&#8221; sidebar=&#8221;sidebar-1&#8243;][vc_column css=&#8221;.vc_custom_1607097697689{background-color: #ffffff !important;}&#8221;][vc_column_text css=&#8221;.vc_custom_1715875235011{margin-bottom: 0px !important;}&#8221;]\n<h2 style=\"text-align: center;\">Contact our Customer Service for residential rental projects<\/h2>\n[\/vc_column_text][mk_padding_divider visibility=&#8221;hidden-sm&#8221;][vc_column_text css=&#8221;.vc_custom_1715873978996{margin-bottom: 0px !important;}&#8221;]\n<div class=\"wrap-equipe\">\n<ul class=\"liste-equipe\">\n<li><img loading=\"lazy\" decoding=\"async\" class=\"alignnone size-full wp-image-7263\" src=\"https:\/\/devimco.com\/wp-content\/uploads\/2024\/05\/equipe-service-client-appartements-01.jpg\" alt=\"\" width=\"170\" height=\"165\" \/><\/li>\n<li><img loading=\"lazy\" decoding=\"async\" class=\"alignnone size-full wp-image-7263\" src=\"https:\/\/devimco.com\/wp-content\/uploads\/2024\/05\/equipe-service-client-appartements-02.jpg\" alt=\"\" width=\"170\" height=\"165\" \/><\/li>\n<li><img loading=\"lazy\" decoding=\"async\" class=\"alignnone size-full wp-image-7263\" src=\"https:\/\/devimco.com\/wp-content\/uploads\/2024\/05\/equipe-service-client-appartements-03.jpg\" alt=\"\" width=\"170\" height=\"165\" \/><\/li>\n<li><img loading=\"lazy\" decoding=\"async\" class=\"alignnone size-full wp-image-7263\" src=\"https:\/\/devimco.com\/wp-content\/uploads\/2024\/05\/equipe-service-client-appartements-04.jpg\" alt=\"\" width=\"170\" height=\"165\" \/><\/li>\n<li><img loading=\"lazy\" decoding=\"async\" class=\"alignnone size-full wp-image-7263\" src=\"https:\/\/devimco.com\/wp-content\/uploads\/2024\/05\/equipe-service-client-appartements-05.jpg\" alt=\"\" width=\"170\" height=\"165\" \/><\/li>\n<li><img loading=\"lazy\" decoding=\"async\" class=\"alignnone size-full wp-image-7263\" src=\"https:\/\/devimco.com\/wp-content\/uploads\/2024\/05\/equipe-service-client-appartements-06.jpg\" alt=\"\" width=\"170\" height=\"165\" \/><\/li>\n<li><img loading=\"lazy\" decoding=\"async\" class=\"alignnone size-full wp-image-7263\" src=\"https:\/\/devimco.com\/wp-content\/uploads\/2024\/05\/equipe-service-client-appartements-07.jpg\" alt=\"\" width=\"170\" height=\"165\" \/><\/li>\n<li><img loading=\"lazy\" decoding=\"async\" class=\"alignnone size-full wp-image-7263\" src=\"https:\/\/devimco.com\/wp-content\/uploads\/2024\/05\/equipe-service-client-appartements-08.jpg\" alt=\"\" width=\"170\" height=\"165\" \/><\/li>\n<\/ul>\n<\/div>\n[\/vc_column_text][mk_padding_divider size=&#8221;30&#8243;][vc_column_text disable_pattern=&#8221;false&#8221; align=&#8221;center&#8221; css=&#8221;.vc_custom_1715875250395{margin-bottom: 0px !important;}&#8221;]<a class=\"decouvrez arrow-left\" href=\"https:\/\/devimco.com\/en\/contact\/\"><strong style=\"width: 196px;\">\u2013<\/strong>Contact<\/a>[\/vc_column_text][mk_padding_divider size=&#8221;80&#8243; visibility=&#8221;hidden-sm&#8221;][\/vc_column][\/mk_page_section][vc_row fullwidth=&#8221;true&#8221; css=&#8221;.vc_custom_1715275166814{background-color: #ffffff !important;}&#8221;][vc_column][mk_padding_divider size=&#8221;20&#8243;][\/vc_column][\/vc_row]\n<\/div>","protected":false},"excerpt":{"rendered":"<p>[mk_page_section vertical_align=&#8221;bottom&#8221; bg_image=&#8221;https:\/\/devimco.com\/wp-content\/uploads\/2024\/05\/header-service-client-appartements.jpg&#8221; bg_color=&#8221;#000000&#8243; bg_position=&#8221;right center&#8221; bg_repeat=&#8221;no-repeat&#8221; bg_stretch=&#8221;true&#8221; enable_3d=&#8221;true&#8221; speed_factor=&#8221;0.2&#8243; full_width=&#8221;true&#8221; full_height=&#8221;true&#8221; padding_top=&#8221;0&#8243; padding_bottom=&#8221;0&#8243; el_class=&#8221;row-header header-effect&#8221; sidebar=&#8221;sidebar-1&#8243;][vc_column][vc_row_inner is_fullwidth_content=&#8221;false&#8221; el_class=&#8221;row-content&#8221;][vc_column_inner][vc_column_text visibility=&#8221;hidden-sm&#8221; el_class=&#8221;arrow-vertical-p&#8221; css=&#8221;.vc_custom_1602256117221{margin-bottom: 0px !important;}&#8221;][\/vc_column_text][\/vc_column_inner][\/vc_row_inner][\/vc_column][\/mk_page_section][mk_page_section bg_color=&#8221;#f6f6f6&#8243; el_class=&#8221;row-content&#8221; sidebar=&#8221;sidebar-1&#8243;][vc_column][vc_column_text animation=&#8221;fade-in&#8221; css=&#8221;.vc_custom_1715875153055{margin-bottom: 0px !important;}&#8221;] Dedicated customer service for tenants of rental projects Devimco Immobilier\u2019s Customer Service division for rental apartments is comprised of some 100 professionals who are [&hellip;]<\/p>\n","protected":false},"author":1,"featured_media":0,"parent":0,"menu_order":0,"comment_status":"closed","ping_status":"closed","template":"","meta":{"_acf_changed":false,"footnotes":""},"class_list":["post-7315","page","type-page","status-publish","hentry"],"acf":[],"yoast_head":"<!-- This site is optimized with the Yoast SEO plugin v26.9 - https:\/\/yoast.com\/product\/yoast-seo-wordpress\/ -->\n<title>Service client \u2013 Appartements | Groupe Devimco<\/title>\n<meta name=\"description\" content=\"Le service \u00e0 la client\u00e8le des projets r\u00e9sidentiels locatifs du Groupe Devimco a pour mission de vous offrir une exp\u00e9rience locative in\u00e9gal\u00e9e.\" \/>\n<meta name=\"robots\" content=\"index, follow, max-snippet:-1, max-image-preview:large, max-video-preview:-1\" \/>\n<link rel=\"canonical\" href=\"https:\/\/devimco.com\/en\/customer-experience-apartments\/\" \/>\n<meta property=\"og:locale\" content=\"en_US\" \/>\n<meta property=\"og:type\" content=\"article\" \/>\n<meta property=\"og:title\" content=\"Devimco Immobilier\" \/>\n<meta property=\"og:description\" content=\"R\u00e9aliser la destination de demain\" \/>\n<meta property=\"og:url\" content=\"https:\/\/devimco.com\/en\/customer-experience-apartments\/\" \/>\n<meta property=\"og:site_name\" content=\"Devimco Immobilier\" \/>\n<meta property=\"article:modified_time\" content=\"2024-11-04T21:16:41+00:00\" \/>\n<meta name=\"twitter:card\" content=\"summary_large_image\" \/>\n<meta name=\"twitter:image\" content=\"https:\/\/devimco.com\/wp-content\/uploads\/2024\/05\/equipe-service-client-appartements-01.jpg\" \/>\n<meta name=\"twitter:label1\" content=\"Est. reading time\" \/>\n\t<meta name=\"twitter:data1\" content=\"4 minutes\" \/>\n<script type=\"application\/ld+json\" class=\"yoast-schema-graph\">{\"@context\":\"https:\/\/schema.org\",\"@graph\":[{\"@type\":\"WebPage\",\"@id\":\"https:\/\/devimco.com\/en\/customer-experience-apartments\/\",\"url\":\"https:\/\/devimco.com\/en\/customer-experience-apartments\/\",\"name\":\"Service client \u2013 Appartements | Groupe Devimco\",\"isPartOf\":{\"@id\":\"https:\/\/devimco.com\/en\/#website\"},\"primaryImageOfPage\":{\"@id\":\"https:\/\/devimco.com\/en\/customer-experience-apartments\/#primaryimage\"},\"image\":{\"@id\":\"https:\/\/devimco.com\/en\/customer-experience-apartments\/#primaryimage\"},\"thumbnailUrl\":\"https:\/\/devimco.com\/wp-content\/uploads\/2024\/05\/equipe-service-client-appartements-01.jpg\",\"datePublished\":\"2024-05-16T16:03:03+00:00\",\"dateModified\":\"2024-11-04T21:16:41+00:00\",\"description\":\"Le service \u00e0 la client\u00e8le des projets r\u00e9sidentiels locatifs du Groupe Devimco a pour mission de vous offrir une exp\u00e9rience locative in\u00e9gal\u00e9e.\",\"breadcrumb\":{\"@id\":\"https:\/\/devimco.com\/en\/customer-experience-apartments\/#breadcrumb\"},\"inLanguage\":\"en-US\",\"potentialAction\":[{\"@type\":\"ReadAction\",\"target\":[\"https:\/\/devimco.com\/en\/customer-experience-apartments\/\"]}]},{\"@type\":\"ImageObject\",\"inLanguage\":\"en-US\",\"@id\":\"https:\/\/devimco.com\/en\/customer-experience-apartments\/#primaryimage\",\"url\":\"https:\/\/devimco.com\/wp-content\/uploads\/2024\/05\/equipe-service-client-appartements-01.jpg\",\"contentUrl\":\"https:\/\/devimco.com\/wp-content\/uploads\/2024\/05\/equipe-service-client-appartements-01.jpg\"},{\"@type\":\"BreadcrumbList\",\"@id\":\"https:\/\/devimco.com\/en\/customer-experience-apartments\/#breadcrumb\",\"itemListElement\":[{\"@type\":\"ListItem\",\"position\":1,\"name\":\"Accueil\",\"item\":\"https:\/\/devimco.com\/en\/sample-page\/\"},{\"@type\":\"ListItem\",\"position\":2,\"name\":\"Customer Experience \u2013 Apartments\"}]},{\"@type\":\"WebSite\",\"@id\":\"https:\/\/devimco.com\/en\/#website\",\"url\":\"https:\/\/devimco.com\/en\/\",\"name\":\"Devimco Immobilier\",\"description\":\"R\u00e9aliser la destination de demain\",\"potentialAction\":[{\"@type\":\"SearchAction\",\"target\":{\"@type\":\"EntryPoint\",\"urlTemplate\":\"https:\/\/devimco.com\/en\/?s={search_term_string}\"},\"query-input\":{\"@type\":\"PropertyValueSpecification\",\"valueRequired\":true,\"valueName\":\"search_term_string\"}}],\"inLanguage\":\"en-US\"}]}<\/script>\n<!-- \/ Yoast SEO plugin. -->","yoast_head_json":{"title":"Service client \u2013 Appartements | Groupe Devimco","description":"Le service \u00e0 la client\u00e8le des projets r\u00e9sidentiels locatifs du Groupe Devimco a pour mission de vous offrir une exp\u00e9rience locative in\u00e9gal\u00e9e.","robots":{"index":"index","follow":"follow","max-snippet":"max-snippet:-1","max-image-preview":"max-image-preview:large","max-video-preview":"max-video-preview:-1"},"canonical":"https:\/\/devimco.com\/en\/customer-experience-apartments\/","og_locale":"en_US","og_type":"article","og_title":"Devimco Immobilier","og_description":"R\u00e9aliser la destination de demain","og_url":"https:\/\/devimco.com\/en\/customer-experience-apartments\/","og_site_name":"Devimco Immobilier","article_modified_time":"2024-11-04T21:16:41+00:00","twitter_card":"summary_large_image","twitter_image":"https:\/\/devimco.com\/wp-content\/uploads\/2024\/05\/equipe-service-client-appartements-01.jpg","twitter_misc":{"Est. reading time":"4 minutes"},"schema":{"@context":"https:\/\/schema.org","@graph":[{"@type":"WebPage","@id":"https:\/\/devimco.com\/en\/customer-experience-apartments\/","url":"https:\/\/devimco.com\/en\/customer-experience-apartments\/","name":"Service client \u2013 Appartements | Groupe Devimco","isPartOf":{"@id":"https:\/\/devimco.com\/en\/#website"},"primaryImageOfPage":{"@id":"https:\/\/devimco.com\/en\/customer-experience-apartments\/#primaryimage"},"image":{"@id":"https:\/\/devimco.com\/en\/customer-experience-apartments\/#primaryimage"},"thumbnailUrl":"https:\/\/devimco.com\/wp-content\/uploads\/2024\/05\/equipe-service-client-appartements-01.jpg","datePublished":"2024-05-16T16:03:03+00:00","dateModified":"2024-11-04T21:16:41+00:00","description":"Le service \u00e0 la client\u00e8le des projets r\u00e9sidentiels locatifs du Groupe Devimco a pour mission de vous offrir une exp\u00e9rience locative in\u00e9gal\u00e9e.","breadcrumb":{"@id":"https:\/\/devimco.com\/en\/customer-experience-apartments\/#breadcrumb"},"inLanguage":"en-US","potentialAction":[{"@type":"ReadAction","target":["https:\/\/devimco.com\/en\/customer-experience-apartments\/"]}]},{"@type":"ImageObject","inLanguage":"en-US","@id":"https:\/\/devimco.com\/en\/customer-experience-apartments\/#primaryimage","url":"https:\/\/devimco.com\/wp-content\/uploads\/2024\/05\/equipe-service-client-appartements-01.jpg","contentUrl":"https:\/\/devimco.com\/wp-content\/uploads\/2024\/05\/equipe-service-client-appartements-01.jpg"},{"@type":"BreadcrumbList","@id":"https:\/\/devimco.com\/en\/customer-experience-apartments\/#breadcrumb","itemListElement":[{"@type":"ListItem","position":1,"name":"Accueil","item":"https:\/\/devimco.com\/en\/sample-page\/"},{"@type":"ListItem","position":2,"name":"Customer Experience \u2013 Apartments"}]},{"@type":"WebSite","@id":"https:\/\/devimco.com\/en\/#website","url":"https:\/\/devimco.com\/en\/","name":"Devimco Immobilier","description":"R\u00e9aliser la destination de demain","potentialAction":[{"@type":"SearchAction","target":{"@type":"EntryPoint","urlTemplate":"https:\/\/devimco.com\/en\/?s={search_term_string}"},"query-input":{"@type":"PropertyValueSpecification","valueRequired":true,"valueName":"search_term_string"}}],"inLanguage":"en-US"}]}},"_links":{"self":[{"href":"https:\/\/devimco.com\/en\/wp-json\/wp\/v2\/pages\/7315","targetHints":{"allow":["GET"]}}],"collection":[{"href":"https:\/\/devimco.com\/en\/wp-json\/wp\/v2\/pages"}],"about":[{"href":"https:\/\/devimco.com\/en\/wp-json\/wp\/v2\/types\/page"}],"author":[{"embeddable":true,"href":"https:\/\/devimco.com\/en\/wp-json\/wp\/v2\/users\/1"}],"replies":[{"embeddable":true,"href":"https:\/\/devimco.com\/en\/wp-json\/wp\/v2\/comments?post=7315"}],"version-history":[{"count":8,"href":"https:\/\/devimco.com\/en\/wp-json\/wp\/v2\/pages\/7315\/revisions"}],"predecessor-version":[{"id":7693,"href":"https:\/\/devimco.com\/en\/wp-json\/wp\/v2\/pages\/7315\/revisions\/7693"}],"wp:attachment":[{"href":"https:\/\/devimco.com\/en\/wp-json\/wp\/v2\/media?parent=7315"}],"curies":[{"name":"wp","href":"https:\/\/api.w.org\/{rel}","templated":true}]}}