{"id":4410,"date":"2020-12-03T11:33:34","date_gmt":"2020-12-03T16:33:34","guid":{"rendered":"http:\/\/devimco.com\/?page_id=4410"},"modified":"2023-10-19T15:01:58","modified_gmt":"2023-10-19T20:01:58","slug":"edyfic-construction","status":"publish","type":"page","link":"https:\/\/devimco.com\/en\/edyfic-construction\/","title":{"rendered":"\u00c9dyfic Construction"},"content":{"rendered":"<div class=\"wpb-content-wrapper\">[mk_page_section vertical_align=&#8221;bottom&#8221; bg_image=&#8221;https:\/\/devimco.com\/wp-content\/uploads\/2021\/08\/construction.jpg&#8221; bg_color=&#8221;#000000&#8243; bg_position=&#8221;right center&#8221; bg_repeat=&#8221;no-repeat&#8221; bg_stretch=&#8221;true&#8221; enable_3d=&#8221;true&#8221; speed_factor=&#8221;0.2&#8243; full_width=&#8221;true&#8221; full_height=&#8221;true&#8221; padding_top=&#8221;0&#8243; padding_bottom=&#8221;0&#8243; el_class=&#8221;row-header header-effect&#8221; sidebar=&#8221;sidebar-1&#8243;][vc_column][vc_row_inner is_fullwidth_content=&#8221;false&#8221; el_class=&#8221;row-content&#8221;][vc_column_inner][vc_column_text visibility=&#8221;hidden-sm&#8221; el_class=&#8221;arrow-vertical-p&#8221; css=&#8221;.vc_custom_1602256117221{margin-bottom: 0px !important;}&#8221;]<img decoding=\"async\" class=\"arrow-vertical aligncenter\" src=\"\/wp-content\/uploads\/2020\/09\/down_white.png\" alt=\"\" width=\"13\" \/>[\/vc_column_text][\/vc_column_inner][\/vc_row_inner][\/vc_column][\/mk_page_section][mk_page_section bg_color=&#8221;#f6f6f6&#8243; el_class=&#8221;row-content&#8221; sidebar=&#8221;sidebar-1&#8243;][vc_column][vc_column_text animation=&#8221;fade-in&#8221; css=&#8221;.vc_custom_1628691307114{margin-bottom: 0px !important;}&#8221;]\n<h1 class=\"h1-bigger\" style=\"text-align: center;\">\u00c9dyfic Construction<\/h1>\n<p style=\"text-align: center;\">In order to carry out its ambitious development projects, in 2015, Groupe Devimco founded its own division dedicated to construction projects. Named \u00c9dyfic Construction, this subsidiary brings together construction experts who share Groupe Devimco\u2019s vision and desire to innovate. \u00c9dyfic Construction is the second largest builder in Quebec.<\/p>\n<p style=\"text-align: center;\"><a class=\"decouvrez arrow-down\" href=\"#\"><strong>&#8211;<\/strong><\/a><\/p>\n[\/vc_column_text][\/vc_column][\/mk_page_section][mk_page_section layout_structure=&#8221;half_left&#8221; bg_image=&#8221;https:\/\/devimco.com\/wp-content\/uploads\/2021\/08\/luximagesolution-devimco-edyfic-4.jpg&#8221; bg_color=&#8221;#ffffff&#8221; bg_stretch=&#8221;true&#8221; el_class=&#8221;row-content img-effect white-frame&#8221;][vc_column][vc_column_text animation=&#8221;fade-in&#8221; css=&#8221;.vc_custom_1628691354170{margin-bottom: 0px !important;}&#8221;]\n<h2 class=\"title-arrow arrow-right\"><strong>&#8211;<\/strong>A team dedicated to the pursuit of excellence<\/h2>\n<p>Groupe Devimco is redesigning the landscape of Greater Montreal by creating mixed-use environments intended for generations to come. Carrying out projects of this magnitude requires exceptional quality at all levels, especially when it comes to construction.<\/p>\n<p>\u00c9dyfic Construction&#8217;s mission is to bring these projects to life, by meeting the highest quality standards in the industry.<\/p>\n<p>\u00c9dyfic Construction serves our real estate development team, investors and financial partners and, ultimately, our clients.<\/p>\n<p><a href=\"https:\/\/devimco.com\/edyfic\/\" target=\"_blank\" rel=\"noopener noreferrer\"><img decoding=\"async\" style=\"max-width: 180px;\" src=\"\/wp-content\/uploads\/2020\/11\/edyfic.png\" alt=\"\" width=\"100%\" \/><\/a>[\/vc_column_text][\/vc_column][\/mk_page_section][vc_row fullwidth=&#8221;true&#8221; css=&#8221;.vc_custom_1602267010031{background-color: #f6f6f6 !important;}&#8221;][vc_column][mk_padding_divider size=&#8221;80&#8243; visibility=&#8221;hidden-sm&#8221;][mk_padding_divider size=&#8221;60&#8243; visibility=&#8221;visible-sm&#8221;][\/vc_column][\/vc_row][mk_page_section el_class=&#8221;row-demibg-white white-right row-content&#8221; sidebar=&#8221;sidebar-1&#8243;][vc_column css=&#8221;.vc_custom_1607097697689{background-color: #ffffff !important;}&#8221;][vc_column_text css=&#8221;.vc_custom_1628691393557{margin-bottom: 0px !important;}&#8221;]\n<h2 style=\"text-align: center;\">Our achievements<\/h2>\n<p style=\"text-align: center;\"><a class=\"decouvrez arrow-down\" href=\"#\"><strong>&#8211;<\/strong><\/a><\/p>\n[\/vc_column_text][mk_padding_divider visibility=&#8221;hidden-sm&#8221;]<div id=\"ult-carousel-133252811769d5bed0a071e\" class=\"ult-carousel-wrapper  realisations ult_horizontal\" data-gutter=\"15\" data-rtl=\"false\" ><div class=\"ult-carousel-8516694369d5bed0a066e \" >[vc_row_inner][vc_column_inner width=&#8221;1\/3&#8243;][mk_padding_divider size=&#8221;60&#8243; visibility=&#8221;hidden-sm&#8221;][mk_padding_divider visibility=&#8221;visible-sm&#8221;][vc_column_text css=&#8221;.vc_custom_1628691405260{margin-bottom: 0px !important;}&#8221;]\n<h2>EstWest<br \/>\nCondominiums<\/h2>\n<p>Two eclectic towers in symbiosis, reminiscent of the Orient and the American West, in the heart of Square Children\u2019s, at the intersection of Rene-Levesque Boulevard West and Atwater Avenue.[\/vc_column_text][mk_padding_divider visibility=&#8221;visible-sm&#8221;][\/vc_column_inner][vc_column_inner width=&#8221;2\/3&#8243;][vc_single_image image=&#8221;5746&#8243; img_size=&#8221;full&#8221;][\/vc_column_inner][\/vc_row_inner][vc_row_inner][vc_column_inner width=&#8221;1\/3&#8243;][mk_padding_divider size=&#8221;60&#8243; visibility=&#8221;hidden-sm&#8221;][mk_padding_divider visibility=&#8221;visible-sm&#8221;][vc_column_text css=&#8221;.vc_custom_1628691422273{margin-bottom: 0px !important;}&#8221;]\n<h2>MaryRobert<br \/>\nCondominiums<\/h2>\n<p>A condominium project with character, in the form of two towers in perpetual interaction, marking the entrance to Montreal and Griffintown. On the glass balconies, a 21-storey, 62-metre high signature work of art by artist Ren\u00e9 Derouin stands out as a legacy to the city.[\/vc_column_text][mk_padding_divider visibility=&#8221;visible-sm&#8221;][\/vc_column_inner][vc_column_inner width=&#8221;2\/3&#8243;][vc_single_image image=&#8221;5748&#8243; img_size=&#8221;full&#8221;][\/vc_column_inner][\/vc_row_inner][vc_row_inner][vc_column_inner width=&#8221;1\/3&#8243;][mk_padding_divider size=&#8221;60&#8243; visibility=&#8221;hidden-sm&#8221;][mk_padding_divider visibility=&#8221;visible-sm&#8221;][vc_column_text css=&#8221;.vc_custom_1629926263438{margin-bottom: 0px !important;}&#8221;]\n<h2>MAA<br \/>\nCondominiums<\/h2>\n<p>A condo and penthouse project featuring the ultimate in luxury, steeped in the history of the renowned MAA Club Sportif, and erected in the heart of the Golden Square Mile, an iconic neighbourhood in downtown Montreal.[\/vc_column_text][mk_padding_divider visibility=&#8221;visible-sm&#8221;][\/vc_column_inner][vc_column_inner width=&#8221;2\/3&#8243;][vc_single_image image=&#8221;7057&#8243; img_size=&#8221;full&#8221;][\/vc_column_inner][\/vc_row_inner][vc_row_inner][vc_column_inner width=&#8221;1\/3&#8243;][mk_padding_divider size=&#8221;60&#8243; visibility=&#8221;hidden-sm&#8221;][mk_padding_divider visibility=&#8221;visible-sm&#8221;][vc_column_text css=&#8221;.vc_custom_1628691448486{margin-bottom: 0px !important;}&#8221;]\n<h2>Maestria<br \/>\nCondominiums<\/h2>\n<p>A project that stands out for being the tallest residential tower in Montreal and the largest mixed-use residential project in Montreal. Maestria Condominiums also features the highest residential suspended aerial skybridge ever constructed in Quebec![\/vc_column_text][mk_padding_divider visibility=&#8221;visible-sm&#8221;][\/vc_column_inner][vc_column_inner width=&#8221;2\/3&#8243;][vc_single_image image=&#8221;7061&#8243; img_size=&#8221;full&#8221;][\/vc_column_inner][\/vc_row_inner][vc_row_inner][vc_column_inner width=&#8221;1\/3&#8243;][mk_padding_divider size=&#8221;60&#8243; visibility=&#8221;hidden-sm&#8221;][mk_padding_divider visibility=&#8221;visible-sm&#8221;][vc_column_text css=&#8221;.vc_custom_1628691460992{margin-bottom: 0px !important;}&#8221;]\n<h2>Solar<br \/>\nUniquartier<\/h2>\n<p>Solar Uniquartier is the most innovative, integrated real estate development in Quebec! Located in Brossard, in the heart of a spectacular living environment, Solar Uniquartier blends residential, commercial, institutional and business in a setting designed to live, work and play.[\/vc_column_text][mk_padding_divider visibility=&#8221;visible-sm&#8221;][\/vc_column_inner][vc_column_inner width=&#8221;2\/3&#8243;][vc_single_image image=&#8221;7059&#8243; img_size=&#8221;full&#8221;][\/vc_column_inner][\/vc_row_inner][vc_row_inner][vc_column_inner width=&#8221;1\/3&#8243;][mk_padding_divider size=&#8221;60&#8243; visibility=&#8221;hidden-sm&#8221;][mk_padding_divider visibility=&#8221;visible-sm&#8221;][vc_column_text css=&#8221;.vc_custom_1697745712891{margin-bottom: 0px !important;}&#8221;]\n<h2>Auguste<br \/>\nPhase\u00a01<\/h2>\n<p>Located in the heart of Quartier des lumi\u00e8res, just minutes from downtown Montreal and near the magnificent Jacques Cartier Bridge, Auguste Phase\u00a01 offers you an architectural project based on luminosity and nature.[\/vc_column_text][mk_padding_divider visibility=&#8221;visible-sm&#8221;][\/vc_column_inner][vc_column_inner width=&#8221;2\/3&#8243;][vc_single_image image=&#8221;7065&#8243; img_size=&#8221;full&#8221;][\/vc_column_inner][\/vc_row_inner]<\/div><\/div>\t\t\t<script type=\"text\/javascript\">\n\t\t\t\tjQuery(document).ready(function ($) {\n\t\t\t\t\tif( typeof jQuery('.ult-carousel-8516694369d5bed0a066e').slick == \"function\"){\n\t\t\t\t\t\t$('.ult-carousel-8516694369d5bed0a066e').slick({dots: true,autoplay: true,autoplaySpeed: \"5000\",speed: \"300\",infinite: true,arrows: true,nextArrow: '<button type=\"button\" role=\"button\" aria-label=\"Next\" style=\"color:#6695c0; font-size:20px;\" class=\"slick-next default\"><i class=\"ultsl-arrow-right6\"><\/i><\/button>',prevArrow: '<button type=\"button\" role=\"button\" aria-label=\"Previous\" style=\"color:#6695c0; font-size:20px;\" class=\"slick-prev default\"><i class=\"ultsl-arrow-left6\"><\/i><\/button>',slidesToScroll:1,slidesToShow:1,swipe: true,draggable: true,touchMove: true,pauseOnHover: true,pauseOnFocus: false,adaptiveHeight: true,responsive: [\n\t\t\t\t\t\t\t{\n\t\t\t\t\t\t\t  breakpoint: 1026,\n\t\t\t\t\t\t\t  settings: {\n\t\t\t\t\t\t\t\tslidesToShow: 1,\n\t\t\t\t\t\t\t\tslidesToScroll: 1,  \n\t\t\t\t\t\t\t  }\n\t\t\t\t\t\t\t},\n\t\t\t\t\t\t\t{\n\t\t\t\t\t\t\t  breakpoint: 1025,\n\t\t\t\t\t\t\t  settings: {\n\t\t\t\t\t\t\t\tslidesToShow: 1,\n\t\t\t\t\t\t\t\tslidesToScroll: 1\n\t\t\t\t\t\t\t  }\n\t\t\t\t\t\t\t},\n\t\t\t\t\t\t\t{\n\t\t\t\t\t\t\t  breakpoint: 760,\n\t\t\t\t\t\t\t  settings: {\n\t\t\t\t\t\t\t\tslidesToShow: 1,\n\t\t\t\t\t\t\t\tslidesToScroll: 1\n\t\t\t\t\t\t\t  }\n\t\t\t\t\t\t\t}\n\t\t\t\t\t\t],pauseOnDotsHover: true,customPaging: function(slider, i) {\n                   return '<i type=\"button\" style= \"color:#6695c0;\" class=\"ultsl-radio-unchecked\" data-role=\"none\"><\/i>';\n                },});\n\t\t\t\t\t}\n\t\t\t\t});\n\t\t\t<\/script>\n\t\t\t[mk_padding_divider size=&#8221;80&#8243;][\/vc_column][\/mk_page_section][vc_row fullwidth=&#8221;true&#8221; css=&#8221;.vc_custom_1602267010031{background-color: #f6f6f6 !important;}&#8221;][vc_column][mk_padding_divider size=&#8221;80&#8243; visibility=&#8221;hidden-sm&#8221;][mk_padding_divider size=&#8221;60&#8243; visibility=&#8221;visible-sm&#8221;][\/vc_column][\/vc_row][mk_page_section layout_structure=&#8221;half_left&#8221; bg_image=&#8221;https:\/\/devimco.com\/wp-content\/uploads\/2021\/08\/luximagesolution-devimco-edyfic-21.jpg&#8221; bg_color=&#8221;#ffffff&#8221; bg_stretch=&#8221;true&#8221; el_class=&#8221;row-content img-effect white-frame&#8221;][vc_column][vc_column_text animation=&#8221;fade-in&#8221; css=&#8221;.vc_custom_1629926313108{margin-bottom: 0px !important;}&#8221;]\n<h2 class=\"title-arrow arrow-right\"><strong>&#8211;<\/strong>\u00c9dyfic Construction is always on the lookout for new talents!<\/h2>\n<p>\u00c9dyfic Construction is always on the lookout for passionate people to join its team. Today, more than 200 people work for this dynamic company.<\/p>\n<p>Join the 2<sup>nd<\/sup> largest builder in Quebec and help build the neighbourhoods of tomorrow!<\/p>\n<p>We\u2019re always looking for:<\/p>\n<ul>\n<li>Project managers;<\/li>\n<li>Coordinators;<\/li>\n<li>Superintendents;<\/li>\n<li>Project officers;<\/li>\n<li>Foremen.<\/li>\n<\/ul>\n<p>Would you like to be challenged in the construction industry?<\/p>\n<p>Would you like to work in an environment focused on success, career advancement and achieving your goals? Would you like to contribute to the most innovative and stimulating projects in Quebec?<\/p>\n<p>To learn more about career opportunities with our company, <a href=\"\/en\/careers\/\">click here<\/a>.[\/vc_column_text][\/vc_column][\/mk_page_section][mk_page_section layout_structure=&#8221;half_right&#8221; bg_image=&#8221;https:\/\/devimco.com\/wp-content\/uploads\/2021\/08\/societale.jpg&#8221; bg_color=&#8221;#f6f6f6&#8243; el_class=&#8221;row-content img-effect grey-frame&#8221;][vc_column][vc_column_text animation=&#8221;fade-in&#8221; css=&#8221;.vc_custom_1629926337917{margin-bottom: 0px !important;}&#8221;]\n<h2 class=\"title-arrow arrow-left\" style=\"text-align: right;\"><strong>&#8211;<\/strong>Community involvement<\/h2>\n<p style=\"text-align: right;\"><strong>\u00c9dyfic and \u00c9TS<\/strong><\/p>\n<p style=\"text-align: right;\">For the past few years, \u00c9dyfic, through Devimco Immobilier, has hired many \u00c9TS interns, in addition to awarding an annual $4,000 scholarship to an \u00c9TS student who has distinguished himself\/herself through his\/her academic career.<\/p>\n[\/vc_column_text][\/vc_column][\/mk_page_section][mk_page_section layout_structure=&#8221;half_left&#8221; bg_image=&#8221;https:\/\/devimco.com\/wp-content\/uploads\/2021\/08\/patrimoine.jpg&#8221; bg_color=&#8221;#ffffff&#8221; bg_stretch=&#8221;true&#8221; el_class=&#8221;row-content img-effect white-frame&#8221;][vc_column][vc_column_text animation=&#8221;fade-in&#8221; css=&#8221;.vc_custom_1628706283199{margin-bottom: 0px !important;}&#8221;]\n<h2 class=\"title-arrow arrow-right\"><strong>&#8211;<\/strong>Community involvement<\/h2>\n<p><strong>\u00c9dyfic gets involved in the preservation of built heritage<\/strong><\/p>\n<p>\u00c9dyfic stands out for the complexity of several projects that involve heritage buildings. These include the Maison St-\u00c9douard project, the St. Ann heritage building, MAA Condominiums &amp; Penthouses, the future building located on the land adjacent to Wellington sur le Bassin, and more. By enhancing the built heritage, \u00c9dyfic contributes to the preservation of the historical riches of Quebec society.[\/vc_column_text][\/vc_column][\/mk_page_section][mk_page_section layout_structure=&#8221;half_right&#8221; bg_image=&#8221;https:\/\/devimco.com\/wp-content\/uploads\/2021\/08\/plante.jpg&#8221; bg_color=&#8221;#f6f6f6&#8243; el_class=&#8221;row-content img-effect grey-frame&#8221;][vc_column][vc_column_text animation=&#8221;fade-in&#8221; css=&#8221;.vc_custom_1628691982657{margin-bottom: 0px !important;}&#8221;]\n<h2 class=\"title-arrow arrow-left\" style=\"text-align: right;\"><strong>&#8211;<\/strong>Environmental commitment<\/h2>\n<p style=\"text-align: right;\">\u00c9dyfic Construction is one of the founding members on the advisory committee of Concordia University\u2019s Next-Generation Cities Institute. The Institute works to shape sustainable urban development through transdisciplinary collaboration.<\/p>\n<p style=\"text-align: right;\">\u00c9dyfic Construction recycled all the gypsum waste on the Children\u2019s Square construction site. This pilot project was realized in partnership with Recyclo-Gypse.<\/p>\n[\/vc_column_text][\/vc_column][\/mk_page_section][vc_row fullwidth=&#8221;true&#8221; css=&#8221;.vc_custom_1602267010031{background-color: #f6f6f6 !important;}&#8221;][vc_column][mk_padding_divider size=&#8221;160&#8243; visibility=&#8221;hidden-sm&#8221;][mk_padding_divider size=&#8221;60&#8243; visibility=&#8221;visible-sm&#8221;][\/vc_column][\/vc_row]\n<\/div>","protected":false},"excerpt":{"rendered":"<p>[mk_page_section vertical_align=&#8221;bottom&#8221; bg_image=&#8221;https:\/\/devimco.com\/wp-content\/uploads\/2021\/08\/construction.jpg&#8221; bg_color=&#8221;#000000&#8243; bg_position=&#8221;right center&#8221; bg_repeat=&#8221;no-repeat&#8221; bg_stretch=&#8221;true&#8221; enable_3d=&#8221;true&#8221; speed_factor=&#8221;0.2&#8243; full_width=&#8221;true&#8221; full_height=&#8221;true&#8221; padding_top=&#8221;0&#8243; padding_bottom=&#8221;0&#8243; el_class=&#8221;row-header header-effect&#8221; sidebar=&#8221;sidebar-1&#8243;][vc_column][vc_row_inner is_fullwidth_content=&#8221;false&#8221; el_class=&#8221;row-content&#8221;][vc_column_inner][vc_column_text visibility=&#8221;hidden-sm&#8221; el_class=&#8221;arrow-vertical-p&#8221; css=&#8221;.vc_custom_1602256117221{margin-bottom: 0px !important;}&#8221;][\/vc_column_text][\/vc_column_inner][\/vc_row_inner][\/vc_column][\/mk_page_section][mk_page_section bg_color=&#8221;#f6f6f6&#8243; el_class=&#8221;row-content&#8221; sidebar=&#8221;sidebar-1&#8243;][vc_column][vc_column_text animation=&#8221;fade-in&#8221; css=&#8221;.vc_custom_1628691307114{margin-bottom: 0px !important;}&#8221;] \u00c9dyfic Construction In order to carry out its ambitious development projects, in 2015, Groupe Devimco founded its own division dedicated to construction projects. Named [&hellip;]<\/p>\n","protected":false},"author":1,"featured_media":0,"parent":0,"menu_order":0,"comment_status":"closed","ping_status":"closed","template":"","meta":{"_acf_changed":false,"footnotes":""},"class_list":["post-4410","page","type-page","status-publish","hentry"],"acf":[],"yoast_head":"<!-- This site is optimized with the Yoast SEO plugin v26.9 - https:\/\/yoast.com\/product\/yoast-seo-wordpress\/ -->\n<title>Groupe Devimco | \u00c9dyfic Construction<\/title>\n<meta name=\"description\" content=\"Discover \u00c9dyfic Construction, our division dedicated to the construction of corporate projects.\" \/>\n<meta name=\"robots\" content=\"index, follow, max-snippet:-1, max-image-preview:large, max-video-preview:-1\" \/>\n<link rel=\"canonical\" href=\"https:\/\/devimco.com\/en\/edyfic-construction\/\" \/>\n<meta property=\"og:locale\" content=\"en_US\" \/>\n<meta property=\"og:type\" content=\"article\" \/>\n<meta property=\"og:title\" content=\"Devimco Immobilier\" \/>\n<meta property=\"og:description\" content=\"R\u00e9aliser la destination de demain\" \/>\n<meta property=\"og:url\" content=\"https:\/\/devimco.com\/en\/edyfic-construction\/\" \/>\n<meta property=\"og:site_name\" content=\"Devimco Immobilier\" \/>\n<meta property=\"article:modified_time\" content=\"2023-10-19T20:01:58+00:00\" \/>\n<meta name=\"twitter:card\" content=\"summary_large_image\" \/>\n<meta name=\"twitter:label1\" content=\"Est. reading time\" \/>\n\t<meta name=\"twitter:data1\" content=\"5 minutes\" \/>\n<script type=\"application\/ld+json\" class=\"yoast-schema-graph\">{\"@context\":\"https:\/\/schema.org\",\"@graph\":[{\"@type\":\"WebPage\",\"@id\":\"https:\/\/devimco.com\/en\/edyfic-construction\/\",\"url\":\"https:\/\/devimco.com\/en\/edyfic-construction\/\",\"name\":\"Groupe Devimco | \u00c9dyfic Construction\",\"isPartOf\":{\"@id\":\"https:\/\/devimco.com\/en\/#website\"},\"datePublished\":\"2020-12-03T16:33:34+00:00\",\"dateModified\":\"2023-10-19T20:01:58+00:00\",\"description\":\"Discover \u00c9dyfic Construction, our division dedicated to the construction of corporate projects.\",\"breadcrumb\":{\"@id\":\"https:\/\/devimco.com\/en\/edyfic-construction\/#breadcrumb\"},\"inLanguage\":\"en-US\",\"potentialAction\":[{\"@type\":\"ReadAction\",\"target\":[\"https:\/\/devimco.com\/en\/edyfic-construction\/\"]}]},{\"@type\":\"BreadcrumbList\",\"@id\":\"https:\/\/devimco.com\/en\/edyfic-construction\/#breadcrumb\",\"itemListElement\":[{\"@type\":\"ListItem\",\"position\":1,\"name\":\"Accueil\",\"item\":\"https:\/\/devimco.com\/en\/sample-page\/\"},{\"@type\":\"ListItem\",\"position\":2,\"name\":\"\u00c9dyfic Construction\"}]},{\"@type\":\"WebSite\",\"@id\":\"https:\/\/devimco.com\/en\/#website\",\"url\":\"https:\/\/devimco.com\/en\/\",\"name\":\"Devimco Immobilier\",\"description\":\"R\u00e9aliser la destination de demain\",\"potentialAction\":[{\"@type\":\"SearchAction\",\"target\":{\"@type\":\"EntryPoint\",\"urlTemplate\":\"https:\/\/devimco.com\/en\/?s={search_term_string}\"},\"query-input\":{\"@type\":\"PropertyValueSpecification\",\"valueRequired\":true,\"valueName\":\"search_term_string\"}}],\"inLanguage\":\"en-US\"}]}<\/script>\n<!-- \/ Yoast SEO plugin. -->","yoast_head_json":{"title":"Groupe Devimco | \u00c9dyfic Construction","description":"Discover \u00c9dyfic Construction, our division dedicated to the construction of corporate projects.","robots":{"index":"index","follow":"follow","max-snippet":"max-snippet:-1","max-image-preview":"max-image-preview:large","max-video-preview":"max-video-preview:-1"},"canonical":"https:\/\/devimco.com\/en\/edyfic-construction\/","og_locale":"en_US","og_type":"article","og_title":"Devimco Immobilier","og_description":"R\u00e9aliser la destination de demain","og_url":"https:\/\/devimco.com\/en\/edyfic-construction\/","og_site_name":"Devimco Immobilier","article_modified_time":"2023-10-19T20:01:58+00:00","twitter_card":"summary_large_image","twitter_misc":{"Est. reading time":"5 minutes"},"schema":{"@context":"https:\/\/schema.org","@graph":[{"@type":"WebPage","@id":"https:\/\/devimco.com\/en\/edyfic-construction\/","url":"https:\/\/devimco.com\/en\/edyfic-construction\/","name":"Groupe Devimco | \u00c9dyfic Construction","isPartOf":{"@id":"https:\/\/devimco.com\/en\/#website"},"datePublished":"2020-12-03T16:33:34+00:00","dateModified":"2023-10-19T20:01:58+00:00","description":"Discover \u00c9dyfic Construction, our division dedicated to the construction of corporate projects.","breadcrumb":{"@id":"https:\/\/devimco.com\/en\/edyfic-construction\/#breadcrumb"},"inLanguage":"en-US","potentialAction":[{"@type":"ReadAction","target":["https:\/\/devimco.com\/en\/edyfic-construction\/"]}]},{"@type":"BreadcrumbList","@id":"https:\/\/devimco.com\/en\/edyfic-construction\/#breadcrumb","itemListElement":[{"@type":"ListItem","position":1,"name":"Accueil","item":"https:\/\/devimco.com\/en\/sample-page\/"},{"@type":"ListItem","position":2,"name":"\u00c9dyfic Construction"}]},{"@type":"WebSite","@id":"https:\/\/devimco.com\/en\/#website","url":"https:\/\/devimco.com\/en\/","name":"Devimco Immobilier","description":"R\u00e9aliser la destination de demain","potentialAction":[{"@type":"SearchAction","target":{"@type":"EntryPoint","urlTemplate":"https:\/\/devimco.com\/en\/?s={search_term_string}"},"query-input":{"@type":"PropertyValueSpecification","valueRequired":true,"valueName":"search_term_string"}}],"inLanguage":"en-US"}]}},"_links":{"self":[{"href":"https:\/\/devimco.com\/en\/wp-json\/wp\/v2\/pages\/4410","targetHints":{"allow":["GET"]}}],"collection":[{"href":"https:\/\/devimco.com\/en\/wp-json\/wp\/v2\/pages"}],"about":[{"href":"https:\/\/devimco.com\/en\/wp-json\/wp\/v2\/types\/page"}],"author":[{"embeddable":true,"href":"https:\/\/devimco.com\/en\/wp-json\/wp\/v2\/users\/1"}],"replies":[{"embeddable":true,"href":"https:\/\/devimco.com\/en\/wp-json\/wp\/v2\/comments?post=4410"}],"version-history":[{"count":12,"href":"https:\/\/devimco.com\/en\/wp-json\/wp\/v2\/pages\/4410\/revisions"}],"predecessor-version":[{"id":7067,"href":"https:\/\/devimco.com\/en\/wp-json\/wp\/v2\/pages\/4410\/revisions\/7067"}],"wp:attachment":[{"href":"https:\/\/devimco.com\/en\/wp-json\/wp\/v2\/media?parent=4410"}],"curies":[{"name":"wp","href":"https:\/\/api.w.org\/{rel}","templated":true}]}}