{"id":289,"date":"2021-01-12T14:30:21","date_gmt":"2021-01-12T19:30:21","guid":{"rendered":"http:\/\/devimco.com\/?page_id=289"},"modified":"2023-10-19T12:49:03","modified_gmt":"2023-10-19T17:49:03","slug":"community-involvement","status":"publish","type":"page","link":"https:\/\/devimco.com\/en\/community-involvement\/","title":{"rendered":"Community involvement"},"content":{"rendered":"<div class=\"wpb-content-wrapper\">[mk_page_section vertical_align=&#8221;bottom&#8221; bg_image=&#8221;http:\/\/devimco.com\/wp-content\/uploads\/2020\/10\/communautaire-1.jpg&#8221; bg_color=&#8221;#000000&#8243; bg_position=&#8221;left center&#8221; bg_repeat=&#8221;no-repeat&#8221; bg_stretch=&#8221;true&#8221; enable_3d=&#8221;true&#8221; speed_factor=&#8221;0.2&#8243; full_width=&#8221;true&#8221; full_height=&#8221;true&#8221; padding_top=&#8221;0&#8243; padding_bottom=&#8221;0&#8243; el_class=&#8221;row-header header-effect&#8221; sidebar=&#8221;sidebar-1&#8243;][vc_column][vc_row_inner is_fullwidth_content=&#8221;false&#8221; el_class=&#8221;row-content&#8221;][vc_column_inner][vc_column_text visibility=&#8221;hidden-sm&#8221; el_class=&#8221;arrow-vertical-p&#8221; css=&#8221;.vc_custom_1602256117221{margin-bottom: 0px !important;}&#8221;]<img decoding=\"async\" class=\"arrow-vertical aligncenter\" src=\"\/wp-content\/uploads\/2020\/09\/down_white.png\" alt=\"\" width=\"13\" \/>[\/vc_column_text][\/vc_column_inner][\/vc_row_inner][\/vc_column][\/mk_page_section][mk_page_section bg_color=&#8221;#f6f6f6&#8243; el_class=&#8221;row-content&#8221; sidebar=&#8221;sidebar-1&#8243;][vc_column][vc_column_text animation=&#8221;fade-in&#8221; css=&#8221;.vc_custom_1628708517022{margin-bottom: 0px !important;}&#8221;]\n<h1 class=\"h1-bigger\" style=\"text-align: center;\">Community involvement<\/h1>\n<p style=\"text-align: center;\">Devimco Immobilier is committed to the well-being of the communities in which the company carries out its projects. That\u2019s why we are making every effort to bring about positive change.<\/p>\n<p style=\"text-align: center;\">Learn more about our involvement in community projects here.<\/p>\n<p style=\"text-align: center;\"><a class=\"decouvrez arrow-down\" href=\"#\"><strong>&#8211;<\/strong><\/a><\/p>\n[\/vc_column_text][\/vc_column][\/mk_page_section][mk_page_section layout_structure=&#8221;half_right&#8221; bg_image=&#8221;https:\/\/devimco.com\/wp-content\/uploads\/2023\/10\/img-fondations-tel-jeunes-lunch-aux-homards.jpg&#8221; bg_color=&#8221;#f6f6f6&#8243; bg_stretch=&#8221;true&#8221; el_class=&#8221;row-content img-effect grey-frame&#8221;][vc_column][vc_column_text animation=&#8221;fade-in&#8221; css=&#8221;.vc_custom_1697737738569{margin-bottom: 0px !important;}&#8221;]\n<h2 class=\"title-arrow arrow-left\" style=\"text-align: right;\"><strong>&#8211;<\/strong>GROUPE DEVIMCO SUPPORTS THE<br \/>\nTEL-JEUNES FOUNDATION<\/h2>\n<p style=\"text-align: right;\">Since 2019, thanks to the famous Lobster Lunch, Canada&#8217;s largest business lunch, Groupe Devimco has helped raise close to $1 million to provide the teenagers of today and tomorrow with 24\/7 access to the free and confidential services of Tel-jeunes. In 2022, under the honorary presidency of Groupe Devimco\u2019s CEO Laurent Messier and President James Goulet, a record 743 tickets were sold.<\/p>\n[\/vc_column_text][\/vc_column][\/mk_page_section][mk_page_section layout_structure=&#8221;half_left&#8221; bg_image=&#8221;https:\/\/devimco.com\/wp-content\/uploads\/2023\/10\/img-theatre-longueuil.jpg&#8221; bg_color=&#8221;#ffffff&#8221; el_class=&#8221;row-content img-effect white-frame bg-contain-&#8220;][vc_column][vc_empty_space height=&#8221;50px&#8221;][vc_column_text animation=&#8221;fade-in&#8221; css=&#8221;.vc_custom_1697484146877{margin-bottom: 0px !important;}&#8221;]\n<h2 class=\"title-arrow arrow-right\"><strong>&#8211;<\/strong>SUPPORTING LONGUEUIL&#8217;S CULTURE THROUGH THE TH\u00c9\u00c2TRE DE LA VILLE<\/h2>\n<p style=\"text-align: left;\">In 2022, as part of the fundraiser organized by the Th\u00e9\u00e2tre de la Ville, Groupe Devimco was involved as a member of the honorary committee and made a donation of $103,441, which will contribute to enrich and promote the cultural offerings for young people.<\/p>\n[\/vc_column_text][vc_empty_space height=&#8221;50px&#8221;][\/vc_column][\/mk_page_section][mk_page_section layout_structure=&#8221;half_right&#8221; bg_image=&#8221;https:\/\/devimco.com\/wp-content\/uploads\/2021\/07\/pieds.jpg&#8221; bg_color=&#8221;#f6f6f6&#8243; bg_stretch=&#8221;true&#8221; el_class=&#8221;row-content img-effect grey-frame&#8221;][vc_column][vc_column_text animation=&#8221;fade-in&#8221; css=&#8221;.vc_custom_1697485285044{margin-bottom: 0px !important;}&#8221;]\n<h2 class=\"title-arrow arrow-left\" style=\"text-align: right;\"><strong>&#8211;<\/strong>Groupe Devimco\u2019s involvement with the Jewish General Hospital Foundation<\/h2>\n<p style=\"text-align: right;\">The COVID-19 global pandemic has dramatically changed current priorities and has raised awareness that infectious diseases can cause tremendous harm to both individuals and to our society. We are now faced with an urgent need to invest massively in research.<\/p>\n<p style=\"text-align: right;\">Groupe Devimco has chosen to officially support the Jewish General Hospital Foundation by working to find donors who will make it possible to create a new research centre specifically dedicated to infectious diseases. The hospital hopes to raise $7.5 million to make this happen. All funds raised will be administered by the Jewish General Hospital Foundation team and will be dedicated exclusively to the new Centre of Excellence for Infectious Diseases. As of June 30, 2021, Groupe Devimco and its partners have already raised more than $385,000, which has been donated to the Foundation.<\/p>\n[\/vc_column_text][\/vc_column][\/mk_page_section][mk_page_section layout_structure=&#8221;half_left&#8221; bg_image=&#8221;http:\/\/devimco.com\/wp-content\/uploads\/2020\/10\/bloc7.jpg&#8221; bg_color=&#8221;#f6f6f6&#8243; el_class=&#8221;row-content img-effect text-white-bg bg-contain&#8221;][vc_column][vc_column_text animation=&#8221;fade-in&#8221; css=&#8221;.vc_custom_1697485470708{margin-bottom: 0px !important;}&#8221;]\n<h2 class=\"title-arrow arrow-right\"><strong>&#8211;<\/strong>The partners of the Maestria Condominiums project donate $100,000 for the well-being of children<\/h2>\n<p>On June 17, 2019, Devimco Immobilier, the Fonds immobilier de solidarit\u00e9 FTQ and Fiera Immobilier, partners of the Maestria real estate project located in Quartier des spectacles, made two donations totalling $100,000 to The Lighthouse Children and Families and to the Fondation du Centre jeunesse de Montr\u00e9al. These donations will allow children in pediatric palliative care to receive art education from artist Bernard S\u00e9guin Poirier.<\/p>\n[\/vc_column_text][\/vc_column][\/mk_page_section][mk_page_section layout_structure=&#8221;half_right&#8221; bg_image=&#8221;http:\/\/devimco.com\/wp-content\/uploads\/2020\/10\/cheque.jpg&#8221; bg_color=&#8221;#f6f6f6&#8243; bg_stretch=&#8221;true&#8221; el_class=&#8221;row-content img-effect grey-frame&#8221;][vc_column][vc_empty_space height=&#8221;40px&#8221;][vc_column_text animation=&#8221;fade-in&#8221; css=&#8221;.vc_custom_1697485520489{margin-bottom: 0px !important;}&#8221;]\n<h2 class=\"title-arrow arrow-left\" style=\"text-align: right;\"><strong>&#8211;<\/strong>$300,000 donation to the Montreal Children&#8217;s Hospital Foundation<\/h2>\n<p style=\"text-align: right;\">On February 7, 2019, Devimco Immobilier, the Fonds immobilier de solidarit\u00e9 FTQ and Fiera Immobilier, partners in the Square Children\u2019s real estate project, announced a donation of $300,000 to the Montreal Children&#8217;s Hospital Foundation. This donation will support research activities as well as highly specialized care provided by this internationally renowned pediatric centre.<\/p>\n[\/vc_column_text][vc_empty_space height=&#8221;40px&#8221;][\/vc_column][\/mk_page_section][mk_page_section layout_structure=&#8221;half_left&#8221; bg_image=&#8221;http:\/\/devimco.com\/wp-content\/uploads\/2020\/10\/artiste.jpg&#8221; bg_color=&#8221;#f6f6f6&#8243; el_class=&#8221;row-content img-effect text-white-bg bg-contain&#8221;][vc_column][vc_column_text animation=&#8221;fade-in&#8221; css=&#8221;.vc_custom_1697485584431{margin-bottom: 0px !important;}&#8221;]\n<h2 class=\"title-arrow arrow-right\"><strong>&#8211;<\/strong>Artist Ren\u00e9 Derouin will create a 21-storey work of art in Griffintown<\/h2>\n<p style=\"text-align: left;\">This work of art, intended to be a legacy to the city and the Griffintown district, will be integrated into the MaryRobert Condominiums project. Devimco Immobilier launched a contest that brought together Montreal artists and announced the winner on May 31, 2018, in the presence of its partner, the Fonds immobilier de solidarit\u00e9 FTQ, and the Southwest borough mayor. Ren\u00e9 Derouin is an award-winning multidisciplinary artist who has been honoured with the Prix Paul-\u00c9mile-Borduas and the Ordre des arts et des lettres du Qu\u00e9bec, as well as being named Artist for Peace in 2017.<\/p>\n[\/vc_column_text][\/vc_column][\/mk_page_section][vc_row][vc_column][vc_empty_space height=&#8221;50px&#8221;][\/vc_column][\/vc_row]\n<\/div>","protected":false},"excerpt":{"rendered":"<p>[mk_page_section vertical_align=&#8221;bottom&#8221; bg_image=&#8221;http:\/\/devimco.com\/wp-content\/uploads\/2020\/10\/communautaire-1.jpg&#8221; bg_color=&#8221;#000000&#8243; bg_position=&#8221;left center&#8221; bg_repeat=&#8221;no-repeat&#8221; bg_stretch=&#8221;true&#8221; enable_3d=&#8221;true&#8221; speed_factor=&#8221;0.2&#8243; full_width=&#8221;true&#8221; full_height=&#8221;true&#8221; padding_top=&#8221;0&#8243; padding_bottom=&#8221;0&#8243; el_class=&#8221;row-header header-effect&#8221; sidebar=&#8221;sidebar-1&#8243;][vc_column][vc_row_inner is_fullwidth_content=&#8221;false&#8221; el_class=&#8221;row-content&#8221;][vc_column_inner][vc_column_text visibility=&#8221;hidden-sm&#8221; el_class=&#8221;arrow-vertical-p&#8221; css=&#8221;.vc_custom_1602256117221{margin-bottom: 0px !important;}&#8221;][\/vc_column_text][\/vc_column_inner][\/vc_row_inner][\/vc_column][\/mk_page_section][mk_page_section bg_color=&#8221;#f6f6f6&#8243; el_class=&#8221;row-content&#8221; sidebar=&#8221;sidebar-1&#8243;][vc_column][vc_column_text animation=&#8221;fade-in&#8221; css=&#8221;.vc_custom_1628708517022{margin-bottom: 0px !important;}&#8221;] Community involvement Devimco Immobilier is committed to the well-being of the communities in which the company carries out its projects. That\u2019s why we are [&hellip;]<\/p>\n","protected":false},"author":1,"featured_media":0,"parent":0,"menu_order":0,"comment_status":"closed","ping_status":"closed","template":"","meta":{"_acf_changed":false,"footnotes":""},"class_list":["post-289","page","type-page","status-publish","hentry"],"acf":[],"yoast_head":"<!-- This site is optimized with the Yoast SEO plugin v26.9 - https:\/\/yoast.com\/product\/yoast-seo-wordpress\/ -->\n<title>Groupe Devimco | Community involvement<\/title>\n<meta name=\"description\" content=\"Groupe Devimco contributes actively to the well-being of the community.\" \/>\n<meta name=\"robots\" content=\"index, follow, max-snippet:-1, max-image-preview:large, max-video-preview:-1\" \/>\n<link rel=\"canonical\" href=\"https:\/\/devimco.com\/en\/community-involvement\/\" \/>\n<meta property=\"og:locale\" content=\"en_US\" \/>\n<meta property=\"og:type\" content=\"article\" \/>\n<meta property=\"og:title\" content=\"Devimco Immobilier\" \/>\n<meta property=\"og:description\" content=\"R\u00e9aliser la destination de demain\" \/>\n<meta property=\"og:url\" content=\"https:\/\/devimco.com\/en\/community-involvement\/\" \/>\n<meta property=\"og:site_name\" content=\"Devimco Immobilier\" \/>\n<meta property=\"article:modified_time\" content=\"2023-10-19T17:49:03+00:00\" \/>\n<meta name=\"twitter:card\" content=\"summary_large_image\" \/>\n<meta name=\"twitter:label1\" content=\"Est. reading time\" \/>\n\t<meta name=\"twitter:data1\" content=\"4 minutes\" \/>\n<script type=\"application\/ld+json\" class=\"yoast-schema-graph\">{\"@context\":\"https:\/\/schema.org\",\"@graph\":[{\"@type\":\"WebPage\",\"@id\":\"https:\/\/devimco.com\/en\/community-involvement\/\",\"url\":\"https:\/\/devimco.com\/en\/community-involvement\/\",\"name\":\"Groupe Devimco | Community involvement\",\"isPartOf\":{\"@id\":\"https:\/\/devimco.com\/en\/#website\"},\"datePublished\":\"2021-01-12T19:30:21+00:00\",\"dateModified\":\"2023-10-19T17:49:03+00:00\",\"description\":\"Groupe Devimco contributes actively to the well-being of the community.\",\"breadcrumb\":{\"@id\":\"https:\/\/devimco.com\/en\/community-involvement\/#breadcrumb\"},\"inLanguage\":\"en-US\",\"potentialAction\":[{\"@type\":\"ReadAction\",\"target\":[\"https:\/\/devimco.com\/en\/community-involvement\/\"]}]},{\"@type\":\"BreadcrumbList\",\"@id\":\"https:\/\/devimco.com\/en\/community-involvement\/#breadcrumb\",\"itemListElement\":[{\"@type\":\"ListItem\",\"position\":1,\"name\":\"Accueil\",\"item\":\"https:\/\/devimco.com\/en\/sample-page\/\"},{\"@type\":\"ListItem\",\"position\":2,\"name\":\"Community involvement\"}]},{\"@type\":\"WebSite\",\"@id\":\"https:\/\/devimco.com\/en\/#website\",\"url\":\"https:\/\/devimco.com\/en\/\",\"name\":\"Devimco Immobilier\",\"description\":\"R\u00e9aliser la destination de demain\",\"potentialAction\":[{\"@type\":\"SearchAction\",\"target\":{\"@type\":\"EntryPoint\",\"urlTemplate\":\"https:\/\/devimco.com\/en\/?s={search_term_string}\"},\"query-input\":{\"@type\":\"PropertyValueSpecification\",\"valueRequired\":true,\"valueName\":\"search_term_string\"}}],\"inLanguage\":\"en-US\"}]}<\/script>\n<!-- \/ Yoast SEO plugin. -->","yoast_head_json":{"title":"Groupe Devimco | Community involvement","description":"Groupe Devimco contributes actively to the well-being of the community.","robots":{"index":"index","follow":"follow","max-snippet":"max-snippet:-1","max-image-preview":"max-image-preview:large","max-video-preview":"max-video-preview:-1"},"canonical":"https:\/\/devimco.com\/en\/community-involvement\/","og_locale":"en_US","og_type":"article","og_title":"Devimco Immobilier","og_description":"R\u00e9aliser la destination de demain","og_url":"https:\/\/devimco.com\/en\/community-involvement\/","og_site_name":"Devimco Immobilier","article_modified_time":"2023-10-19T17:49:03+00:00","twitter_card":"summary_large_image","twitter_misc":{"Est. reading time":"4 minutes"},"schema":{"@context":"https:\/\/schema.org","@graph":[{"@type":"WebPage","@id":"https:\/\/devimco.com\/en\/community-involvement\/","url":"https:\/\/devimco.com\/en\/community-involvement\/","name":"Groupe Devimco | Community involvement","isPartOf":{"@id":"https:\/\/devimco.com\/en\/#website"},"datePublished":"2021-01-12T19:30:21+00:00","dateModified":"2023-10-19T17:49:03+00:00","description":"Groupe Devimco contributes actively to the well-being of the community.","breadcrumb":{"@id":"https:\/\/devimco.com\/en\/community-involvement\/#breadcrumb"},"inLanguage":"en-US","potentialAction":[{"@type":"ReadAction","target":["https:\/\/devimco.com\/en\/community-involvement\/"]}]},{"@type":"BreadcrumbList","@id":"https:\/\/devimco.com\/en\/community-involvement\/#breadcrumb","itemListElement":[{"@type":"ListItem","position":1,"name":"Accueil","item":"https:\/\/devimco.com\/en\/sample-page\/"},{"@type":"ListItem","position":2,"name":"Community involvement"}]},{"@type":"WebSite","@id":"https:\/\/devimco.com\/en\/#website","url":"https:\/\/devimco.com\/en\/","name":"Devimco Immobilier","description":"R\u00e9aliser la destination de demain","potentialAction":[{"@type":"SearchAction","target":{"@type":"EntryPoint","urlTemplate":"https:\/\/devimco.com\/en\/?s={search_term_string}"},"query-input":{"@type":"PropertyValueSpecification","valueRequired":true,"valueName":"search_term_string"}}],"inLanguage":"en-US"}]}},"_links":{"self":[{"href":"https:\/\/devimco.com\/en\/wp-json\/wp\/v2\/pages\/289","targetHints":{"allow":["GET"]}}],"collection":[{"href":"https:\/\/devimco.com\/en\/wp-json\/wp\/v2\/pages"}],"about":[{"href":"https:\/\/devimco.com\/en\/wp-json\/wp\/v2\/types\/page"}],"author":[{"embeddable":true,"href":"https:\/\/devimco.com\/en\/wp-json\/wp\/v2\/users\/1"}],"replies":[{"embeddable":true,"href":"https:\/\/devimco.com\/en\/wp-json\/wp\/v2\/comments?post=289"}],"version-history":[{"count":13,"href":"https:\/\/devimco.com\/en\/wp-json\/wp\/v2\/pages\/289\/revisions"}],"predecessor-version":[{"id":7055,"href":"https:\/\/devimco.com\/en\/wp-json\/wp\/v2\/pages\/289\/revisions\/7055"}],"wp:attachment":[{"href":"https:\/\/devimco.com\/en\/wp-json\/wp\/v2\/media?parent=289"}],"curies":[{"name":"wp","href":"https:\/\/api.w.org\/{rel}","templated":true}]}}